{"id":1378,"date":"2024-07-04T12:44:07","date_gmt":"2024-07-04T09:44:07","guid":{"rendered":"https:\/\/2sarp.webyelkeni.com\/?page_id=1378"},"modified":"2024-09-02T12:01:32","modified_gmt":"2024-09-02T09:01:32","slug":"satis-noktalarimiz","status":"publish","type":"page","link":"https:\/\/2sarp.webyelkeni.com\/en\/satis-noktalarimiz\/","title":{"rendered":"Sales Points"},"content":{"rendered":"<div data-elementor-type=\"wp-page\" data-elementor-id=\"1378\" class=\"elementor elementor-1378\">\n\t\t\t\t<div class=\"elementor-element elementor-element-fd7fdc7 e-flex e-con-boxed e-con e-parent\" data-id=\"fd7fdc7\" data-element_type=\"container\" data-e-type=\"container\">\n\t\t\t\t\t<div class=\"e-con-inner\">\n\t\t\t\t\t<\/div>\n\t\t\t\t<\/div>\n\t\t<div class=\"elementor-element elementor-element-7d10b72 e-flex e-con-boxed e-con e-parent\" data-id=\"7d10b72\" data-element_type=\"container\" data-e-type=\"container\" data-settings=\"{&quot;background_background&quot;:&quot;classic&quot;}\">\n\t\t\t\t\t<div class=\"e-con-inner\">\n\t\t\t\t<div class=\"elementor-element elementor-element-4b410d91 elementor-widget__width-inherit elementor-widget elementor-widget-image\" data-id=\"4b410d91\" data-element_type=\"widget\" data-e-type=\"widget\" data-widget_type=\"image.default\">\n\t\t\t\t<div class=\"elementor-widget-container\">\n\t\t\t\t\t\t\t\t\t\t\t\t\t\t\t<img fetchpriority=\"high\" decoding=\"async\" width=\"1567\" height=\"694\" src=\"https:\/\/2sarp.webyelkeni.com\/wp-content\/uploads\/2024\/09\/Ekran-Alintisi.jpg\" class=\"attachment-full size-full wp-image-6492\" alt=\"\" srcset=\"https:\/\/2sarp.webyelkeni.com\/wp-content\/uploads\/2024\/09\/Ekran-Alintisi.jpg 1567w, https:\/\/2sarp.webyelkeni.com\/wp-content\/uploads\/2024\/09\/Ekran-Alintisi-300x133.jpg 300w, https:\/\/2sarp.webyelkeni.com\/wp-content\/uploads\/2024\/09\/Ekran-Alintisi-1024x454.jpg 1024w, https:\/\/2sarp.webyelkeni.com\/wp-content\/uploads\/2024\/09\/Ekran-Alintisi-768x340.jpg 768w, https:\/\/2sarp.webyelkeni.com\/wp-content\/uploads\/2024\/09\/Ekran-Alintisi-1536x680.jpg 1536w, https:\/\/2sarp.webyelkeni.com\/wp-content\/uploads\/2024\/09\/Ekran-Alintisi-18x8.jpg 18w, https:\/\/2sarp.webyelkeni.com\/wp-content\/uploads\/2024\/09\/Ekran-Alintisi-1200x531.jpg 1200w\" sizes=\"(max-width: 1567px) 100vw, 1567px\" \/>\t\t\t\t\t\t\t\t\t\t\t\t\t\t\t<\/div>\n\t\t\t\t<\/div>\n\t\t\t\t\t<\/div>\n\t\t\t\t<\/div>\n\t\t<div class=\"elementor-element elementor-element-6ba07a08 e-flex e-con-boxed e-con e-parent\" data-id=\"6ba07a08\" data-element_type=\"container\" data-e-type=\"container\">\n\t\t\t\t\t<div class=\"e-con-inner\">\n\t\t\t\t\t<\/div>\n\t\t\t\t<\/div>\n\t\t<div class=\"elementor-element elementor-element-6b9a1e83 e-con-full e-flex e-con e-parent\" data-id=\"6b9a1e83\" data-element_type=\"container\" data-e-type=\"container\" data-settings=\"{&quot;background_background&quot;:&quot;classic&quot;}\">\n\t\t\t\t<div class=\"elementor-element elementor-element-3a45b6f1 elementor-widget elementor-widget-heading\" data-id=\"3a45b6f1\" data-element_type=\"widget\" data-e-type=\"widget\" data-widget_type=\"heading.default\">\n\t\t\t\t<div class=\"elementor-widget-container\">\n\t\t\t\t\t<h2 class=\"elementor-heading-title elementor-size-default\">The Colorful World of Your Baby's<\/h2>\t\t\t\t<\/div>\n\t\t\t\t<\/div>\n\t\t\t\t<\/div>\n\t\t\t\t<\/div>","protected":false},"excerpt":{"rendered":"<p>The Colorful World of Your Baby's<\/p>","protected":false},"author":1,"featured_media":0,"parent":0,"menu_order":0,"comment_status":"closed","ping_status":"closed","template":"","meta":{"site-sidebar-layout":"no-sidebar","site-content-layout":"","ast-site-content-layout":"full-width-container","site-content-style":"default","site-sidebar-style":"default","ast-global-header-display":"","ast-banner-title-visibility":"","ast-main-header-display":"","ast-hfb-above-header-display":"","ast-hfb-below-header-display":"","ast-hfb-mobile-header-display":"","site-post-title":"disabled","ast-breadcrumbs-content":"","ast-featured-img":"disabled","footer-sml-layout":"","ast-disable-related-posts":"","theme-transparent-header-meta":"","adv-header-id-meta":"","stick-header-meta":"","header-above-stick-meta":"","header-main-stick-meta":"","header-below-stick-meta":"","astra-migrate-meta-layouts":"default","ast-page-background-enabled":"default","ast-page-background-meta":{"desktop":{"background-color":"var(--ast-global-color-4)","background-image":"","background-repeat":"repeat","background-position":"center center","background-size":"auto","background-attachment":"scroll","background-type":"","background-media":"","overlay-type":"","overlay-color":"","overlay-opacity":"","overlay-gradient":""},"tablet":{"background-color":"","background-image":"","background-repeat":"repeat","background-position":"center center","background-size":"auto","background-attachment":"scroll","background-type":"","background-media":"","overlay-type":"","overlay-color":"","overlay-opacity":"","overlay-gradient":""},"mobile":{"background-color":"","background-image":"","background-repeat":"repeat","background-position":"center center","background-size":"auto","background-attachment":"scroll","background-type":"","background-media":"","overlay-type":"","overlay-color":"","overlay-opacity":"","overlay-gradient":""}},"ast-content-background-meta":{"desktop":{"background-color":"var(--ast-global-color-5)","background-image":"","background-repeat":"repeat","background-position":"center center","background-size":"auto","background-attachment":"scroll","background-type":"","background-media":"","overlay-type":"","overlay-color":"","overlay-opacity":"","overlay-gradient":""},"tablet":{"background-color":"var(--ast-global-color-5)","background-image":"","background-repeat":"repeat","background-position":"center center","background-size":"auto","background-attachment":"scroll","background-type":"","background-media":"","overlay-type":"","overlay-color":"","overlay-opacity":"","overlay-gradient":""},"mobile":{"background-color":"var(--ast-global-color-5)","background-image":"","background-repeat":"repeat","background-position":"center center","background-size":"auto","background-attachment":"scroll","background-type":"","background-media":"","overlay-type":"","overlay-color":"","overlay-opacity":"","overlay-gradient":""}},"footnotes":""},"class_list":["post-1378","page","type-page","status-publish","hentry"],"yoast_head":"<!-- This site is optimized with the Yoast SEO plugin v27.3 - https:\/\/yoast.com\/product\/yoast-seo-wordpress\/ -->\n<title>Sat\u0131\u015f Noktalar\u0131m\u0131z -<\/title>\n<meta name=\"robots\" content=\"index, follow, max-snippet:-1, max-image-preview:large, max-video-preview:-1\" \/>\n<link rel=\"canonical\" href=\"https:\/\/2sarp.webyelkeni.com\/en\/satis-noktalarimiz\/\" \/>\n<meta property=\"og:locale\" content=\"en_US\" \/>\n<meta property=\"og:type\" content=\"article\" \/>\n<meta property=\"og:title\" content=\"Sat\u0131\u015f Noktalar\u0131m\u0131z -\" \/>\n<meta property=\"og:description\" content=\"Bebe\u011finizin Renkli D\u00fcnyas\u0131\" \/>\n<meta property=\"og:url\" content=\"https:\/\/2sarp.webyelkeni.com\/en\/satis-noktalarimiz\/\" \/>\n<meta property=\"article:modified_time\" content=\"2024-09-02T09:01:32+00:00\" \/>\n<meta property=\"og:image\" content=\"https:\/\/2sarp.webyelkeni.com\/wp-content\/uploads\/2024\/09\/Ekran-Alintisi.jpg\" \/>\n<meta name=\"twitter:card\" content=\"summary_large_image\" \/>\n<meta name=\"twitter:label1\" content=\"Est. reading time\" \/>\n\t<meta name=\"twitter:data1\" content=\"1 minute\" \/>\n<script type=\"application\/ld+json\" class=\"yoast-schema-graph\">{\"@context\":\"https:\\\/\\\/schema.org\",\"@graph\":[{\"@type\":\"WebPage\",\"@id\":\"https:\\\/\\\/2sarp.webyelkeni.com\\\/tr\\\/satis-noktalarimiz\\\/\",\"url\":\"https:\\\/\\\/2sarp.webyelkeni.com\\\/tr\\\/satis-noktalarimiz\\\/\",\"name\":\"Sat\u0131\u015f Noktalar\u0131m\u0131z -\",\"isPartOf\":{\"@id\":\"https:\\\/\\\/2sarp.webyelkeni.com\\\/tr\\\/#website\"},\"primaryImageOfPage\":{\"@id\":\"https:\\\/\\\/2sarp.webyelkeni.com\\\/tr\\\/satis-noktalarimiz\\\/#primaryimage\"},\"image\":{\"@id\":\"https:\\\/\\\/2sarp.webyelkeni.com\\\/tr\\\/satis-noktalarimiz\\\/#primaryimage\"},\"thumbnailUrl\":\"https:\\\/\\\/2sarp.webyelkeni.com\\\/wp-content\\\/uploads\\\/2024\\\/09\\\/Ekran-Alintisi.jpg\",\"datePublished\":\"2024-07-04T09:44:07+00:00\",\"dateModified\":\"2024-09-02T09:01:32+00:00\",\"breadcrumb\":{\"@id\":\"https:\\\/\\\/2sarp.webyelkeni.com\\\/tr\\\/satis-noktalarimiz\\\/#breadcrumb\"},\"inLanguage\":\"en-US\",\"potentialAction\":[{\"@type\":\"ReadAction\",\"target\":[\"https:\\\/\\\/2sarp.webyelkeni.com\\\/tr\\\/satis-noktalarimiz\\\/\"]}]},{\"@type\":\"ImageObject\",\"inLanguage\":\"en-US\",\"@id\":\"https:\\\/\\\/2sarp.webyelkeni.com\\\/tr\\\/satis-noktalarimiz\\\/#primaryimage\",\"url\":\"https:\\\/\\\/2sarp.webyelkeni.com\\\/wp-content\\\/uploads\\\/2024\\\/09\\\/Ekran-Alintisi.jpg\",\"contentUrl\":\"https:\\\/\\\/2sarp.webyelkeni.com\\\/wp-content\\\/uploads\\\/2024\\\/09\\\/Ekran-Alintisi.jpg\"},{\"@type\":\"BreadcrumbList\",\"@id\":\"https:\\\/\\\/2sarp.webyelkeni.com\\\/tr\\\/satis-noktalarimiz\\\/#breadcrumb\",\"itemListElement\":[{\"@type\":\"ListItem\",\"position\":1,\"name\":\"Anasayfa\",\"item\":\"https:\\\/\\\/2sarp.webyelkeni.com\\\/\"},{\"@type\":\"ListItem\",\"position\":2,\"name\":\"Sat\u0131\u015f Noktalar\u0131m\u0131z\"}]},{\"@type\":\"WebSite\",\"@id\":\"https:\\\/\\\/2sarp.webyelkeni.com\\\/tr\\\/#website\",\"url\":\"https:\\\/\\\/2sarp.webyelkeni.com\\\/tr\\\/\",\"name\":\"Sarp Toys\",\"description\":\"\",\"publisher\":{\"@id\":\"https:\\\/\\\/2sarp.webyelkeni.com\\\/tr\\\/#organization\"},\"potentialAction\":[{\"@type\":\"SearchAction\",\"target\":{\"@type\":\"EntryPoint\",\"urlTemplate\":\"https:\\\/\\\/2sarp.webyelkeni.com\\\/tr\\\/?s={search_term_string}\"},\"query-input\":{\"@type\":\"PropertyValueSpecification\",\"valueRequired\":true,\"valueName\":\"search_term_string\"}}],\"inLanguage\":\"en-US\"},{\"@type\":\"Organization\",\"@id\":\"https:\\\/\\\/2sarp.webyelkeni.com\\\/tr\\\/#organization\",\"name\":\"Sarp Toys\",\"url\":\"https:\\\/\\\/2sarp.webyelkeni.com\\\/tr\\\/\",\"logo\":{\"@type\":\"ImageObject\",\"inLanguage\":\"en-US\",\"@id\":\"https:\\\/\\\/2sarp.webyelkeni.com\\\/tr\\\/#\\\/schema\\\/logo\\\/image\\\/\",\"url\":\"https:\\\/\\\/2sarp.webyelkeni.com\\\/wp-content\\\/uploads\\\/2024\\\/07\\\/cropped-Artboard-4.png\",\"contentUrl\":\"https:\\\/\\\/2sarp.webyelkeni.com\\\/wp-content\\\/uploads\\\/2024\\\/07\\\/cropped-Artboard-4.png\",\"width\":3461,\"height\":1062,\"caption\":\"Sarp Toys\"},\"image\":{\"@id\":\"https:\\\/\\\/2sarp.webyelkeni.com\\\/tr\\\/#\\\/schema\\\/logo\\\/image\\\/\"}}]}<\/script>\n<!-- \/ Yoast SEO plugin. -->","yoast_head_json":{"title":"Sat\u0131\u015f Noktalar\u0131m\u0131z -","robots":{"index":"index","follow":"follow","max-snippet":"max-snippet:-1","max-image-preview":"max-image-preview:large","max-video-preview":"max-video-preview:-1"},"canonical":"https:\/\/2sarp.webyelkeni.com\/en\/satis-noktalarimiz\/","og_locale":"en_US","og_type":"article","og_title":"Sat\u0131\u015f Noktalar\u0131m\u0131z -","og_description":"Bebe\u011finizin Renkli D\u00fcnyas\u0131","og_url":"https:\/\/2sarp.webyelkeni.com\/en\/satis-noktalarimiz\/","article_modified_time":"2024-09-02T09:01:32+00:00","og_image":[{"url":"https:\/\/2sarp.webyelkeni.com\/wp-content\/uploads\/2024\/09\/Ekran-Alintisi.jpg","type":"","width":"","height":""}],"twitter_card":"summary_large_image","twitter_misc":{"Est. reading time":"1 minute"},"schema":{"@context":"https:\/\/schema.org","@graph":[{"@type":"WebPage","@id":"https:\/\/2sarp.webyelkeni.com\/tr\/satis-noktalarimiz\/","url":"https:\/\/2sarp.webyelkeni.com\/tr\/satis-noktalarimiz\/","name":"Sat\u0131\u015f Noktalar\u0131m\u0131z -","isPartOf":{"@id":"https:\/\/2sarp.webyelkeni.com\/tr\/#website"},"primaryImageOfPage":{"@id":"https:\/\/2sarp.webyelkeni.com\/tr\/satis-noktalarimiz\/#primaryimage"},"image":{"@id":"https:\/\/2sarp.webyelkeni.com\/tr\/satis-noktalarimiz\/#primaryimage"},"thumbnailUrl":"https:\/\/2sarp.webyelkeni.com\/wp-content\/uploads\/2024\/09\/Ekran-Alintisi.jpg","datePublished":"2024-07-04T09:44:07+00:00","dateModified":"2024-09-02T09:01:32+00:00","breadcrumb":{"@id":"https:\/\/2sarp.webyelkeni.com\/tr\/satis-noktalarimiz\/#breadcrumb"},"inLanguage":"en-US","potentialAction":[{"@type":"ReadAction","target":["https:\/\/2sarp.webyelkeni.com\/tr\/satis-noktalarimiz\/"]}]},{"@type":"ImageObject","inLanguage":"en-US","@id":"https:\/\/2sarp.webyelkeni.com\/tr\/satis-noktalarimiz\/#primaryimage","url":"https:\/\/2sarp.webyelkeni.com\/wp-content\/uploads\/2024\/09\/Ekran-Alintisi.jpg","contentUrl":"https:\/\/2sarp.webyelkeni.com\/wp-content\/uploads\/2024\/09\/Ekran-Alintisi.jpg"},{"@type":"BreadcrumbList","@id":"https:\/\/2sarp.webyelkeni.com\/tr\/satis-noktalarimiz\/#breadcrumb","itemListElement":[{"@type":"ListItem","position":1,"name":"Anasayfa","item":"https:\/\/2sarp.webyelkeni.com\/"},{"@type":"ListItem","position":2,"name":"Sat\u0131\u015f Noktalar\u0131m\u0131z"}]},{"@type":"WebSite","@id":"https:\/\/2sarp.webyelkeni.com\/tr\/#website","url":"https:\/\/2sarp.webyelkeni.com\/tr\/","name":"Sarp Toys","description":"","publisher":{"@id":"https:\/\/2sarp.webyelkeni.com\/tr\/#organization"},"potentialAction":[{"@type":"SearchAction","target":{"@type":"EntryPoint","urlTemplate":"https:\/\/2sarp.webyelkeni.com\/tr\/?s={search_term_string}"},"query-input":{"@type":"PropertyValueSpecification","valueRequired":true,"valueName":"search_term_string"}}],"inLanguage":"en-US"},{"@type":"Organization","@id":"https:\/\/2sarp.webyelkeni.com\/tr\/#organization","name":"Sarp Toys","url":"https:\/\/2sarp.webyelkeni.com\/tr\/","logo":{"@type":"ImageObject","inLanguage":"en-US","@id":"https:\/\/2sarp.webyelkeni.com\/tr\/#\/schema\/logo\/image\/","url":"https:\/\/2sarp.webyelkeni.com\/wp-content\/uploads\/2024\/07\/cropped-Artboard-4.png","contentUrl":"https:\/\/2sarp.webyelkeni.com\/wp-content\/uploads\/2024\/07\/cropped-Artboard-4.png","width":3461,"height":1062,"caption":"Sarp Toys"},"image":{"@id":"https:\/\/2sarp.webyelkeni.com\/tr\/#\/schema\/logo\/image\/"}}]}},"_links":{"self":[{"href":"https:\/\/2sarp.webyelkeni.com\/en\/wp-json\/wp\/v2\/pages\/1378","targetHints":{"allow":["GET"]}}],"collection":[{"href":"https:\/\/2sarp.webyelkeni.com\/en\/wp-json\/wp\/v2\/pages"}],"about":[{"href":"https:\/\/2sarp.webyelkeni.com\/en\/wp-json\/wp\/v2\/types\/page"}],"author":[{"embeddable":true,"href":"https:\/\/2sarp.webyelkeni.com\/en\/wp-json\/wp\/v2\/users\/1"}],"replies":[{"embeddable":true,"href":"https:\/\/2sarp.webyelkeni.com\/en\/wp-json\/wp\/v2\/comments?post=1378"}],"version-history":[{"count":0,"href":"https:\/\/2sarp.webyelkeni.com\/en\/wp-json\/wp\/v2\/pages\/1378\/revisions"}],"wp:attachment":[{"href":"https:\/\/2sarp.webyelkeni.com\/en\/wp-json\/wp\/v2\/media?parent=1378"}],"curies":[{"name":"wp","href":"https:\/\/api.w.org\/{rel}","templated":true}]}}