{"id":6605,"date":"2024-09-23T09:37:50","date_gmt":"2024-09-23T06:37:50","guid":{"rendered":"https:\/\/2sarp.webyelkeni.com\/?post_type=product&#038;p=6605"},"modified":"2024-09-23T15:17:38","modified_gmt":"2024-09-23T12:17:38","slug":"tavsan-pelus-bileklik","status":"publish","type":"product","link":"https:\/\/2sarp.webyelkeni.com\/en\/product\/tavsan-pelus-bileklik\/","title":{"rendered":"Rabbit Plush Bracelet"},"content":{"rendered":"","protected":false},"excerpt":{"rendered":"<p>This colorful plush animal bracelet reflects girls' imagination and style, offering both a fun and adorable accessory!<br \/>\n* The plush animal is made from high-quality materials, ensuring it can be worn comfortably without harming children's delicate skin. Its soft texture provides all-day comfort.<br \/>\n* Attached to a colorful elastic band, the plush animal captures children's attention and adds joy to their day. It offers a charming companionship for girls of all ages.<br \/>\nThis bracelet is designed as a fun accessory that children can carry with them anywhere. It provides an enjoyable experience during playtime or daily activities.<br \/>\nSupport girls' creativity and imagination with this plush animal bracelet that adds a splash of color to their style!<\/p>","protected":false},"featured_media":6606,"comment_status":"closed","ping_status":"closed","template":"","meta":{"site-sidebar-layout":"default","site-content-layout":"","ast-site-content-layout":"default","site-content-style":"default","site-sidebar-style":"default","ast-global-header-display":"","ast-banner-title-visibility":"","ast-main-header-display":"","ast-hfb-above-header-display":"","ast-hfb-below-header-display":"","ast-hfb-mobile-header-display":"","site-post-title":"","ast-breadcrumbs-content":"","ast-featured-img":"","footer-sml-layout":"","ast-disable-related-posts":"","theme-transparent-header-meta":"default","adv-header-id-meta":"","stick-header-meta":"","header-above-stick-meta":"","header-main-stick-meta":"","header-below-stick-meta":"","astra-migrate-meta-layouts":"set","ast-page-background-enabled":"default","ast-page-background-meta":{"desktop":{"background-color":"var(--ast-global-color-4)","background-image":"","background-repeat":"repeat","background-position":"center center","background-size":"auto","background-attachment":"scroll","background-type":"","background-media":"","overlay-type":"","overlay-color":"","overlay-opacity":"","overlay-gradient":""},"tablet":{"background-color":"","background-image":"","background-repeat":"repeat","background-position":"center center","background-size":"auto","background-attachment":"scroll","background-type":"","background-media":"","overlay-type":"","overlay-color":"","overlay-opacity":"","overlay-gradient":""},"mobile":{"background-color":"","background-image":"","background-repeat":"repeat","background-position":"center center","background-size":"auto","background-attachment":"scroll","background-type":"","background-media":"","overlay-type":"","overlay-color":"","overlay-opacity":"","overlay-gradient":""}},"ast-content-background-meta":{"desktop":{"background-color":"var(--ast-global-color-5)","background-image":"","background-repeat":"repeat","background-position":"center center","background-size":"auto","background-attachment":"scroll","background-type":"","background-media":"","overlay-type":"","overlay-color":"","overlay-opacity":"","overlay-gradient":""},"tablet":{"background-color":"var(--ast-global-color-5)","background-image":"","background-repeat":"repeat","background-position":"center center","background-size":"auto","background-attachment":"scroll","background-type":"","background-media":"","overlay-type":"","overlay-color":"","overlay-opacity":"","overlay-gradient":""},"mobile":{"background-color":"var(--ast-global-color-5)","background-image":"","background-repeat":"repeat","background-position":"center center","background-size":"auto","background-attachment":"scroll","background-type":"","background-media":"","overlay-type":"","overlay-color":"","overlay-opacity":"","overlay-gradient":""}}},"pwb-brand":[],"product_brand":[],"product_cat":[197,196],"product_tag":[],"class_list":{"0":"post-6605","1":"product","2":"type-product","3":"status-publish","4":"has-post-thumbnail","6":"product_cat-hug-bracelet","7":"product_cat-little-pals","8":"desktop-align-left","9":"tablet-align-left","10":"mobile-align-left","12":"first","13":"instock","14":"virtual","15":"taxable","16":"product-type-simple"},"yoast_head":"<!-- This site is optimized with the Yoast SEO plugin v27.3 - https:\/\/yoast.com\/product\/yoast-seo-wordpress\/ -->\n<title>Tav\u015fan Pelu\u015f Bileklik -<\/title>\n<meta name=\"robots\" content=\"index, follow, max-snippet:-1, max-image-preview:large, max-video-preview:-1\" \/>\n<link rel=\"canonical\" href=\"https:\/\/2sarp.webyelkeni.com\/en\/product\/tavsan-pelus-bileklik\/\" \/>\n<meta property=\"og:locale\" content=\"en_US\" \/>\n<meta property=\"og:type\" content=\"article\" \/>\n<meta property=\"og:title\" content=\"Tav\u015fan Pelu\u015f Bileklik -\" \/>\n<meta property=\"og:description\" content=\"K\u0131z \u00e7ocuklar\u0131n\u0131n hayal g\u00fcc\u00fcn\u00fc ve tarz\u0131n\u0131 yans\u0131tan bu renkli pelu\u015f hayvanl\u0131 bileklik, hem e\u011flenceli hem de sevimli bir aksesuar sunuyor! - Pelu\u015f hayvan, y\u00fcksek kaliteli malzemeden \u00fcretilmi\u015f olup, \u00e7ocuklar\u0131n cildine zarar vermeden rahat\u00e7a tak\u0131labilir. Yumu\u015fak dokusu, g\u00fcn boyu konfor sa\u011flar. - Renkli lasti\u011fe ba\u011fl\u0131 pelu\u015f hayvan, \u00e7ocuklar\u0131n dikkatini \u00e7eker ve onlara ne\u015fe katar. Her ya\u015ftan k\u00fc\u00e7\u00fck k\u0131zlar i\u00e7in sevimli bir arkada\u015fl\u0131k sunar. - Bu bileklik, \u00e7ocuklar\u0131n diledi\u011fi her yerde yanlar\u0131nda ta\u015f\u0131yabilecekleri e\u011flenceli bir aksesuar olarak tasarlanm\u0131\u015ft\u0131r. Oyun saatlerinde veya g\u00fcnl\u00fck aktivitelerde keyifli bir deneyim sunar. K\u0131z \u00e7ocuklar\u0131n\u0131n stiline renk katacak bu pelu\u015f hayvanl\u0131 bileklikle, hayal g\u00fcc\u00fcn\u00fc ve yarat\u0131c\u0131l\u0131\u011f\u0131 destekleyin!\" \/>\n<meta property=\"og:url\" content=\"https:\/\/2sarp.webyelkeni.com\/en\/product\/tavsan-pelus-bileklik\/\" \/>\n<meta property=\"article:modified_time\" content=\"2024-09-23T12:17:38+00:00\" \/>\n<meta property=\"og:image\" content=\"https:\/\/2sarp.webyelkeni.com\/wp-content\/uploads\/2024\/09\/MOR-TARAK.jpg\" \/>\n\t<meta property=\"og:image:width\" content=\"1200\" \/>\n\t<meta property=\"og:image:height\" content=\"1200\" \/>\n\t<meta property=\"og:image:type\" content=\"image\/jpeg\" \/>\n<meta name=\"twitter:card\" content=\"summary_large_image\" \/>\n<meta name=\"twitter:label1\" content=\"Est. reading time\" \/>\n\t<meta name=\"twitter:data1\" content=\"1 minute\" \/>\n<script type=\"application\/ld+json\" class=\"yoast-schema-graph\">{\"@context\":\"https:\\\/\\\/schema.org\",\"@graph\":[{\"@type\":\"WebPage\",\"@id\":\"https:\\\/\\\/2sarp.webyelkeni.com\\\/urun\\\/tavsan-pelus-bileklik\\\/\",\"url\":\"https:\\\/\\\/2sarp.webyelkeni.com\\\/urun\\\/tavsan-pelus-bileklik\\\/\",\"name\":\"Tav\u015fan Pelu\u015f Bileklik -\",\"isPartOf\":{\"@id\":\"https:\\\/\\\/2sarp.webyelkeni.com\\\/tr\\\/#website\"},\"primaryImageOfPage\":{\"@id\":\"https:\\\/\\\/2sarp.webyelkeni.com\\\/urun\\\/tavsan-pelus-bileklik\\\/#primaryimage\"},\"image\":{\"@id\":\"https:\\\/\\\/2sarp.webyelkeni.com\\\/urun\\\/tavsan-pelus-bileklik\\\/#primaryimage\"},\"thumbnailUrl\":\"https:\\\/\\\/2sarp.webyelkeni.com\\\/wp-content\\\/uploads\\\/2024\\\/09\\\/MOR-TARAK.jpg\",\"datePublished\":\"2024-09-23T06:37:50+00:00\",\"dateModified\":\"2024-09-23T12:17:38+00:00\",\"breadcrumb\":{\"@id\":\"https:\\\/\\\/2sarp.webyelkeni.com\\\/urun\\\/tavsan-pelus-bileklik\\\/#breadcrumb\"},\"inLanguage\":\"en-US\",\"potentialAction\":[{\"@type\":\"ReadAction\",\"target\":[\"https:\\\/\\\/2sarp.webyelkeni.com\\\/urun\\\/tavsan-pelus-bileklik\\\/\"]}]},{\"@type\":\"ImageObject\",\"inLanguage\":\"en-US\",\"@id\":\"https:\\\/\\\/2sarp.webyelkeni.com\\\/urun\\\/tavsan-pelus-bileklik\\\/#primaryimage\",\"url\":\"https:\\\/\\\/2sarp.webyelkeni.com\\\/wp-content\\\/uploads\\\/2024\\\/09\\\/MOR-TARAK.jpg\",\"contentUrl\":\"https:\\\/\\\/2sarp.webyelkeni.com\\\/wp-content\\\/uploads\\\/2024\\\/09\\\/MOR-TARAK.jpg\",\"width\":1200,\"height\":1200},{\"@type\":\"BreadcrumbList\",\"@id\":\"https:\\\/\\\/2sarp.webyelkeni.com\\\/urun\\\/tavsan-pelus-bileklik\\\/#breadcrumb\",\"itemListElement\":[{\"@type\":\"ListItem\",\"position\":1,\"name\":\"Anasayfa\",\"item\":\"https:\\\/\\\/2sarp.webyelkeni.com\\\/\"},{\"@type\":\"ListItem\",\"position\":2,\"name\":\"Ma\u011faza\",\"item\":\"https:\\\/\\\/2sarp.webyelkeni.com\\\/magaza-2\\\/\"},{\"@type\":\"ListItem\",\"position\":3,\"name\":\"Tav\u015fan Pelu\u015f Bileklik\"}]},{\"@type\":\"WebSite\",\"@id\":\"https:\\\/\\\/2sarp.webyelkeni.com\\\/tr\\\/#website\",\"url\":\"https:\\\/\\\/2sarp.webyelkeni.com\\\/tr\\\/\",\"name\":\"Sarp Toys\",\"description\":\"\",\"publisher\":{\"@id\":\"https:\\\/\\\/2sarp.webyelkeni.com\\\/tr\\\/#organization\"},\"potentialAction\":[{\"@type\":\"SearchAction\",\"target\":{\"@type\":\"EntryPoint\",\"urlTemplate\":\"https:\\\/\\\/2sarp.webyelkeni.com\\\/tr\\\/?s={search_term_string}\"},\"query-input\":{\"@type\":\"PropertyValueSpecification\",\"valueRequired\":true,\"valueName\":\"search_term_string\"}}],\"inLanguage\":\"en-US\"},{\"@type\":\"Organization\",\"@id\":\"https:\\\/\\\/2sarp.webyelkeni.com\\\/tr\\\/#organization\",\"name\":\"Sarp Toys\",\"url\":\"https:\\\/\\\/2sarp.webyelkeni.com\\\/tr\\\/\",\"logo\":{\"@type\":\"ImageObject\",\"inLanguage\":\"en-US\",\"@id\":\"https:\\\/\\\/2sarp.webyelkeni.com\\\/tr\\\/#\\\/schema\\\/logo\\\/image\\\/\",\"url\":\"https:\\\/\\\/2sarp.webyelkeni.com\\\/wp-content\\\/uploads\\\/2024\\\/07\\\/cropped-Artboard-4.png\",\"contentUrl\":\"https:\\\/\\\/2sarp.webyelkeni.com\\\/wp-content\\\/uploads\\\/2024\\\/07\\\/cropped-Artboard-4.png\",\"width\":3461,\"height\":1062,\"caption\":\"Sarp Toys\"},\"image\":{\"@id\":\"https:\\\/\\\/2sarp.webyelkeni.com\\\/tr\\\/#\\\/schema\\\/logo\\\/image\\\/\"}}]}<\/script>\n<!-- \/ Yoast SEO plugin. -->","yoast_head_json":{"title":"Tav\u015fan Pelu\u015f Bileklik -","robots":{"index":"index","follow":"follow","max-snippet":"max-snippet:-1","max-image-preview":"max-image-preview:large","max-video-preview":"max-video-preview:-1"},"canonical":"https:\/\/2sarp.webyelkeni.com\/en\/product\/tavsan-pelus-bileklik\/","og_locale":"en_US","og_type":"article","og_title":"Tav\u015fan Pelu\u015f Bileklik -","og_description":"K\u0131z \u00e7ocuklar\u0131n\u0131n hayal g\u00fcc\u00fcn\u00fc ve tarz\u0131n\u0131 yans\u0131tan bu renkli pelu\u015f hayvanl\u0131 bileklik, hem e\u011flenceli hem de sevimli bir aksesuar sunuyor! - Pelu\u015f hayvan, y\u00fcksek kaliteli malzemeden \u00fcretilmi\u015f olup, \u00e7ocuklar\u0131n cildine zarar vermeden rahat\u00e7a tak\u0131labilir. Yumu\u015fak dokusu, g\u00fcn boyu konfor sa\u011flar. - Renkli lasti\u011fe ba\u011fl\u0131 pelu\u015f hayvan, \u00e7ocuklar\u0131n dikkatini \u00e7eker ve onlara ne\u015fe katar. Her ya\u015ftan k\u00fc\u00e7\u00fck k\u0131zlar i\u00e7in sevimli bir arkada\u015fl\u0131k sunar. - Bu bileklik, \u00e7ocuklar\u0131n diledi\u011fi her yerde yanlar\u0131nda ta\u015f\u0131yabilecekleri e\u011flenceli bir aksesuar olarak tasarlanm\u0131\u015ft\u0131r. Oyun saatlerinde veya g\u00fcnl\u00fck aktivitelerde keyifli bir deneyim sunar. K\u0131z \u00e7ocuklar\u0131n\u0131n stiline renk katacak bu pelu\u015f hayvanl\u0131 bileklikle, hayal g\u00fcc\u00fcn\u00fc ve yarat\u0131c\u0131l\u0131\u011f\u0131 destekleyin!","og_url":"https:\/\/2sarp.webyelkeni.com\/en\/product\/tavsan-pelus-bileklik\/","article_modified_time":"2024-09-23T12:17:38+00:00","og_image":[{"width":1200,"height":1200,"url":"https:\/\/2sarp.webyelkeni.com\/wp-content\/uploads\/2024\/09\/MOR-TARAK.jpg","type":"image\/jpeg"}],"twitter_card":"summary_large_image","twitter_misc":{"Est. reading time":"1 minute"},"schema":{"@context":"https:\/\/schema.org","@graph":[{"@type":"WebPage","@id":"https:\/\/2sarp.webyelkeni.com\/urun\/tavsan-pelus-bileklik\/","url":"https:\/\/2sarp.webyelkeni.com\/urun\/tavsan-pelus-bileklik\/","name":"Tav\u015fan Pelu\u015f Bileklik -","isPartOf":{"@id":"https:\/\/2sarp.webyelkeni.com\/tr\/#website"},"primaryImageOfPage":{"@id":"https:\/\/2sarp.webyelkeni.com\/urun\/tavsan-pelus-bileklik\/#primaryimage"},"image":{"@id":"https:\/\/2sarp.webyelkeni.com\/urun\/tavsan-pelus-bileklik\/#primaryimage"},"thumbnailUrl":"https:\/\/2sarp.webyelkeni.com\/wp-content\/uploads\/2024\/09\/MOR-TARAK.jpg","datePublished":"2024-09-23T06:37:50+00:00","dateModified":"2024-09-23T12:17:38+00:00","breadcrumb":{"@id":"https:\/\/2sarp.webyelkeni.com\/urun\/tavsan-pelus-bileklik\/#breadcrumb"},"inLanguage":"en-US","potentialAction":[{"@type":"ReadAction","target":["https:\/\/2sarp.webyelkeni.com\/urun\/tavsan-pelus-bileklik\/"]}]},{"@type":"ImageObject","inLanguage":"en-US","@id":"https:\/\/2sarp.webyelkeni.com\/urun\/tavsan-pelus-bileklik\/#primaryimage","url":"https:\/\/2sarp.webyelkeni.com\/wp-content\/uploads\/2024\/09\/MOR-TARAK.jpg","contentUrl":"https:\/\/2sarp.webyelkeni.com\/wp-content\/uploads\/2024\/09\/MOR-TARAK.jpg","width":1200,"height":1200},{"@type":"BreadcrumbList","@id":"https:\/\/2sarp.webyelkeni.com\/urun\/tavsan-pelus-bileklik\/#breadcrumb","itemListElement":[{"@type":"ListItem","position":1,"name":"Anasayfa","item":"https:\/\/2sarp.webyelkeni.com\/"},{"@type":"ListItem","position":2,"name":"Ma\u011faza","item":"https:\/\/2sarp.webyelkeni.com\/magaza-2\/"},{"@type":"ListItem","position":3,"name":"Tav\u015fan Pelu\u015f Bileklik"}]},{"@type":"WebSite","@id":"https:\/\/2sarp.webyelkeni.com\/tr\/#website","url":"https:\/\/2sarp.webyelkeni.com\/tr\/","name":"Sarp Toys","description":"","publisher":{"@id":"https:\/\/2sarp.webyelkeni.com\/tr\/#organization"},"potentialAction":[{"@type":"SearchAction","target":{"@type":"EntryPoint","urlTemplate":"https:\/\/2sarp.webyelkeni.com\/tr\/?s={search_term_string}"},"query-input":{"@type":"PropertyValueSpecification","valueRequired":true,"valueName":"search_term_string"}}],"inLanguage":"en-US"},{"@type":"Organization","@id":"https:\/\/2sarp.webyelkeni.com\/tr\/#organization","name":"Sarp Toys","url":"https:\/\/2sarp.webyelkeni.com\/tr\/","logo":{"@type":"ImageObject","inLanguage":"en-US","@id":"https:\/\/2sarp.webyelkeni.com\/tr\/#\/schema\/logo\/image\/","url":"https:\/\/2sarp.webyelkeni.com\/wp-content\/uploads\/2024\/07\/cropped-Artboard-4.png","contentUrl":"https:\/\/2sarp.webyelkeni.com\/wp-content\/uploads\/2024\/07\/cropped-Artboard-4.png","width":3461,"height":1062,"caption":"Sarp Toys"},"image":{"@id":"https:\/\/2sarp.webyelkeni.com\/tr\/#\/schema\/logo\/image\/"}}]}},"brands":[],"_links":{"self":[{"href":"https:\/\/2sarp.webyelkeni.com\/en\/wp-json\/wp\/v2\/product\/6605","targetHints":{"allow":["GET"]}}],"collection":[{"href":"https:\/\/2sarp.webyelkeni.com\/en\/wp-json\/wp\/v2\/product"}],"about":[{"href":"https:\/\/2sarp.webyelkeni.com\/en\/wp-json\/wp\/v2\/types\/product"}],"replies":[{"embeddable":true,"href":"https:\/\/2sarp.webyelkeni.com\/en\/wp-json\/wp\/v2\/comments?post=6605"}],"version-history":[{"count":0,"href":"https:\/\/2sarp.webyelkeni.com\/en\/wp-json\/wp\/v2\/product\/6605\/revisions"}],"wp:featuredmedia":[{"embeddable":true,"href":"https:\/\/2sarp.webyelkeni.com\/en\/wp-json\/wp\/v2\/media\/6606"}],"wp:attachment":[{"href":"https:\/\/2sarp.webyelkeni.com\/en\/wp-json\/wp\/v2\/media?parent=6605"}],"wp:term":[{"taxonomy":"pwb-brand","embeddable":true,"href":"https:\/\/2sarp.webyelkeni.com\/en\/wp-json\/wp\/v2\/pwb-brand?post=6605"},{"taxonomy":"product_brand","embeddable":true,"href":"https:\/\/2sarp.webyelkeni.com\/en\/wp-json\/wp\/v2\/product_brand?post=6605"},{"taxonomy":"product_cat","embeddable":true,"href":"https:\/\/2sarp.webyelkeni.com\/en\/wp-json\/wp\/v2\/product_cat?post=6605"},{"taxonomy":"product_tag","embeddable":true,"href":"https:\/\/2sarp.webyelkeni.com\/en\/wp-json\/wp\/v2\/product_tag?post=6605"}],"curies":[{"name":"wp","href":"https:\/\/api.w.org\/{rel}","templated":true}]}}