{"id":6800,"date":"2024-10-02T13:11:46","date_gmt":"2024-10-02T10:11:46","guid":{"rendered":"https:\/\/2sarp.webyelkeni.com\/?post_type=product&#038;p=6800"},"modified":"2024-10-18T11:21:55","modified_gmt":"2024-10-18T08:21:55","slug":"hisirtili-gazete-sayfasi","status":"publish","type":"product","link":"https:\/\/2sarp.webyelkeni.com\/en\/product\/hisirtili-gazete-sayfasi\/","title":{"rendered":"The Daily News Page with Crinkle"},"content":{"rendered":"","protected":false},"excerpt":{"rendered":"<p>These fun felted pages will add even more color to your cat's and dog's playtime, providing a space for both to explore!<\/p>\n<p>- With its easily portable design, your cat and dog will have a great time playing with these colorful pages.<br \/>\n- Its soft texture provides a safe play experience while maintaining dental health, allowing both your cat and dog to enjoy playing with it.<br \/>\n- The different textures and vibrant printed colors spark curiosity in both your cat and dog, enhancing their desire to explore. Each page offers a new adventure!<br \/>\nEnjoy fun and adventurous moments with these felted pages that will add joy to your cat's and dog's play world!<\/p>","protected":false},"featured_media":6801,"comment_status":"closed","ping_status":"closed","template":"","meta":{"site-sidebar-layout":"default","site-content-layout":"","ast-site-content-layout":"default","site-content-style":"default","site-sidebar-style":"default","ast-global-header-display":"","ast-banner-title-visibility":"","ast-main-header-display":"","ast-hfb-above-header-display":"","ast-hfb-below-header-display":"","ast-hfb-mobile-header-display":"","site-post-title":"","ast-breadcrumbs-content":"","ast-featured-img":"","footer-sml-layout":"","ast-disable-related-posts":"","theme-transparent-header-meta":"default","adv-header-id-meta":"","stick-header-meta":"","header-above-stick-meta":"","header-main-stick-meta":"","header-below-stick-meta":"","astra-migrate-meta-layouts":"set","ast-page-background-enabled":"default","ast-page-background-meta":{"desktop":{"background-color":"var(--ast-global-color-4)","background-image":"","background-repeat":"repeat","background-position":"center center","background-size":"auto","background-attachment":"scroll","background-type":"","background-media":"","overlay-type":"","overlay-color":"","overlay-opacity":"","overlay-gradient":""},"tablet":{"background-color":"","background-image":"","background-repeat":"repeat","background-position":"center center","background-size":"auto","background-attachment":"scroll","background-type":"","background-media":"","overlay-type":"","overlay-color":"","overlay-opacity":"","overlay-gradient":""},"mobile":{"background-color":"","background-image":"","background-repeat":"repeat","background-position":"center center","background-size":"auto","background-attachment":"scroll","background-type":"","background-media":"","overlay-type":"","overlay-color":"","overlay-opacity":"","overlay-gradient":""}},"ast-content-background-meta":{"desktop":{"background-color":"var(--ast-global-color-5)","background-image":"","background-repeat":"repeat","background-position":"center center","background-size":"auto","background-attachment":"scroll","background-type":"","background-media":"","overlay-type":"","overlay-color":"","overlay-opacity":"","overlay-gradient":""},"tablet":{"background-color":"var(--ast-global-color-5)","background-image":"","background-repeat":"repeat","background-position":"center center","background-size":"auto","background-attachment":"scroll","background-type":"","background-media":"","overlay-type":"","overlay-color":"","overlay-opacity":"","overlay-gradient":""},"mobile":{"background-color":"var(--ast-global-color-5)","background-image":"","background-repeat":"repeat","background-position":"center center","background-size":"auto","background-attachment":"scroll","background-type":"","background-media":"","overlay-type":"","overlay-color":"","overlay-opacity":"","overlay-gradient":""}}},"pwb-brand":[172],"product_brand":[],"product_cat":[195,193,184],"product_tag":[],"class_list":{"0":"post-6800","1":"product","2":"type-product","3":"status-publish","4":"has-post-thumbnail","6":"pwb-brand-crinckle-hisirti","7":"product_cat-baskili-oyuncaklar","8":"product_cat-oyun-ve-eglence","9":"product_cat-pookie","10":"desktop-align-left","11":"tablet-align-left","12":"mobile-align-left","14":"first","15":"instock","16":"virtual","17":"taxable","18":"product-type-simple"},"yoast_head":"<!-- This site is optimized with the Yoast SEO plugin v27.3 - https:\/\/yoast.com\/product\/yoast-seo-wordpress\/ -->\n<title>The Daily News H\u0131\u015f\u0131rt\u0131l\u0131 Sayfa -<\/title>\n<meta name=\"robots\" content=\"index, follow, max-snippet:-1, max-image-preview:large, max-video-preview:-1\" \/>\n<link rel=\"canonical\" href=\"https:\/\/2sarp.webyelkeni.com\/en\/product\/hisirtili-gazete-sayfasi\/\" \/>\n<meta property=\"og:locale\" content=\"en_US\" \/>\n<meta property=\"og:type\" content=\"article\" \/>\n<meta property=\"og:title\" content=\"The Daily News H\u0131\u015f\u0131rt\u0131l\u0131 Sayfa -\" \/>\n<meta property=\"og:description\" content=\"Kediniz ve k\u00f6pe\u011finizin oyun saatlerini daha da renklendirecek bu e\u011flenceli hissettirilmi\u015f sayfalar, her ikisinin de ke\u015fif alan\u0131 olacak!  - Kolayca ta\u015f\u0131yabilece\u011fi yap\u0131s\u0131yla, kediniz ve k\u00f6pe\u011finiz bu renkli sayfalarla oynamaktan b\u00fcy\u00fck keyif alacak. - Di\u015f sa\u011fl\u0131\u011f\u0131n\u0131 korurken g\u00fcvenli bir oyun deneyimi sunan yumu\u015fak dokusu, hem kedinizin hem de k\u00f6pe\u011finizin patileriyle oynamas\u0131na olanak tan\u0131r. - Farkl\u0131 dokular ve canl\u0131 renkli bask\u0131lar, hem kedinizin hem de k\u00f6pe\u011finizin merak\u0131n\u0131 uyand\u0131r\u0131r ve ke\u015ffetme iste\u011fini art\u0131r\u0131r. Her sayfa yeni bir macera sunar! Kediniz ve k\u00f6pe\u011finizin oyun d\u00fcnyas\u0131na ne\u015fe katacak bu hissettirilmi\u015f sayfalarla birlikte, e\u011flenceli ve ke\u015fif dolu anlar ge\u00e7irin!\" \/>\n<meta property=\"og:url\" content=\"https:\/\/2sarp.webyelkeni.com\/en\/product\/hisirtili-gazete-sayfasi\/\" \/>\n<meta property=\"article:modified_time\" content=\"2024-10-18T08:21:55+00:00\" \/>\n<meta property=\"og:image\" content=\"https:\/\/2sarp.webyelkeni.com\/wp-content\/uploads\/2024\/10\/IMG_0405-kopya-1024x1024.png\" \/>\n\t<meta property=\"og:image:width\" content=\"1024\" \/>\n\t<meta property=\"og:image:height\" content=\"1024\" \/>\n\t<meta property=\"og:image:type\" content=\"image\/png\" \/>\n<meta name=\"twitter:card\" content=\"summary_large_image\" \/>\n<meta name=\"twitter:label1\" content=\"Est. reading time\" \/>\n\t<meta name=\"twitter:data1\" content=\"1 minute\" \/>\n<script type=\"application\/ld+json\" class=\"yoast-schema-graph\">{\"@context\":\"https:\\\/\\\/schema.org\",\"@graph\":[{\"@type\":\"WebPage\",\"@id\":\"https:\\\/\\\/2sarp.webyelkeni.com\\\/urun\\\/hisirtili-gazete-sayfasi\\\/\",\"url\":\"https:\\\/\\\/2sarp.webyelkeni.com\\\/urun\\\/hisirtili-gazete-sayfasi\\\/\",\"name\":\"The Daily News H\u0131\u015f\u0131rt\u0131l\u0131 Sayfa -\",\"isPartOf\":{\"@id\":\"https:\\\/\\\/2sarp.webyelkeni.com\\\/tr\\\/#website\"},\"primaryImageOfPage\":{\"@id\":\"https:\\\/\\\/2sarp.webyelkeni.com\\\/urun\\\/hisirtili-gazete-sayfasi\\\/#primaryimage\"},\"image\":{\"@id\":\"https:\\\/\\\/2sarp.webyelkeni.com\\\/urun\\\/hisirtili-gazete-sayfasi\\\/#primaryimage\"},\"thumbnailUrl\":\"https:\\\/\\\/2sarp.webyelkeni.com\\\/wp-content\\\/uploads\\\/2024\\\/10\\\/IMG_0405-kopya.png\",\"datePublished\":\"2024-10-02T10:11:46+00:00\",\"dateModified\":\"2024-10-18T08:21:55+00:00\",\"breadcrumb\":{\"@id\":\"https:\\\/\\\/2sarp.webyelkeni.com\\\/urun\\\/hisirtili-gazete-sayfasi\\\/#breadcrumb\"},\"inLanguage\":\"en-US\",\"potentialAction\":[{\"@type\":\"ReadAction\",\"target\":[\"https:\\\/\\\/2sarp.webyelkeni.com\\\/urun\\\/hisirtili-gazete-sayfasi\\\/\"]}]},{\"@type\":\"ImageObject\",\"inLanguage\":\"en-US\",\"@id\":\"https:\\\/\\\/2sarp.webyelkeni.com\\\/urun\\\/hisirtili-gazete-sayfasi\\\/#primaryimage\",\"url\":\"https:\\\/\\\/2sarp.webyelkeni.com\\\/wp-content\\\/uploads\\\/2024\\\/10\\\/IMG_0405-kopya.png\",\"contentUrl\":\"https:\\\/\\\/2sarp.webyelkeni.com\\\/wp-content\\\/uploads\\\/2024\\\/10\\\/IMG_0405-kopya.png\",\"width\":1200,\"height\":1200},{\"@type\":\"BreadcrumbList\",\"@id\":\"https:\\\/\\\/2sarp.webyelkeni.com\\\/urun\\\/hisirtili-gazete-sayfasi\\\/#breadcrumb\",\"itemListElement\":[{\"@type\":\"ListItem\",\"position\":1,\"name\":\"Anasayfa\",\"item\":\"https:\\\/\\\/2sarp.webyelkeni.com\\\/\"},{\"@type\":\"ListItem\",\"position\":2,\"name\":\"Ma\u011faza\",\"item\":\"https:\\\/\\\/2sarp.webyelkeni.com\\\/magaza-2\\\/\"},{\"@type\":\"ListItem\",\"position\":3,\"name\":\"The Daily News H\u0131\u015f\u0131rt\u0131l\u0131 Sayfa\"}]},{\"@type\":\"WebSite\",\"@id\":\"https:\\\/\\\/2sarp.webyelkeni.com\\\/tr\\\/#website\",\"url\":\"https:\\\/\\\/2sarp.webyelkeni.com\\\/tr\\\/\",\"name\":\"Sarp Toys\",\"description\":\"\",\"publisher\":{\"@id\":\"https:\\\/\\\/2sarp.webyelkeni.com\\\/tr\\\/#organization\"},\"potentialAction\":[{\"@type\":\"SearchAction\",\"target\":{\"@type\":\"EntryPoint\",\"urlTemplate\":\"https:\\\/\\\/2sarp.webyelkeni.com\\\/tr\\\/?s={search_term_string}\"},\"query-input\":{\"@type\":\"PropertyValueSpecification\",\"valueRequired\":true,\"valueName\":\"search_term_string\"}}],\"inLanguage\":\"en-US\"},{\"@type\":\"Organization\",\"@id\":\"https:\\\/\\\/2sarp.webyelkeni.com\\\/tr\\\/#organization\",\"name\":\"Sarp Toys\",\"url\":\"https:\\\/\\\/2sarp.webyelkeni.com\\\/tr\\\/\",\"logo\":{\"@type\":\"ImageObject\",\"inLanguage\":\"en-US\",\"@id\":\"https:\\\/\\\/2sarp.webyelkeni.com\\\/tr\\\/#\\\/schema\\\/logo\\\/image\\\/\",\"url\":\"https:\\\/\\\/2sarp.webyelkeni.com\\\/wp-content\\\/uploads\\\/2024\\\/07\\\/cropped-Artboard-4.png\",\"contentUrl\":\"https:\\\/\\\/2sarp.webyelkeni.com\\\/wp-content\\\/uploads\\\/2024\\\/07\\\/cropped-Artboard-4.png\",\"width\":3461,\"height\":1062,\"caption\":\"Sarp Toys\"},\"image\":{\"@id\":\"https:\\\/\\\/2sarp.webyelkeni.com\\\/tr\\\/#\\\/schema\\\/logo\\\/image\\\/\"}}]}<\/script>\n<!-- \/ Yoast SEO plugin. -->","yoast_head_json":{"title":"The Daily News H\u0131\u015f\u0131rt\u0131l\u0131 Sayfa -","robots":{"index":"index","follow":"follow","max-snippet":"max-snippet:-1","max-image-preview":"max-image-preview:large","max-video-preview":"max-video-preview:-1"},"canonical":"https:\/\/2sarp.webyelkeni.com\/en\/product\/hisirtili-gazete-sayfasi\/","og_locale":"en_US","og_type":"article","og_title":"The Daily News H\u0131\u015f\u0131rt\u0131l\u0131 Sayfa -","og_description":"Kediniz ve k\u00f6pe\u011finizin oyun saatlerini daha da renklendirecek bu e\u011flenceli hissettirilmi\u015f sayfalar, her ikisinin de ke\u015fif alan\u0131 olacak!  - Kolayca ta\u015f\u0131yabilece\u011fi yap\u0131s\u0131yla, kediniz ve k\u00f6pe\u011finiz bu renkli sayfalarla oynamaktan b\u00fcy\u00fck keyif alacak. - Di\u015f sa\u011fl\u0131\u011f\u0131n\u0131 korurken g\u00fcvenli bir oyun deneyimi sunan yumu\u015fak dokusu, hem kedinizin hem de k\u00f6pe\u011finizin patileriyle oynamas\u0131na olanak tan\u0131r. - Farkl\u0131 dokular ve canl\u0131 renkli bask\u0131lar, hem kedinizin hem de k\u00f6pe\u011finizin merak\u0131n\u0131 uyand\u0131r\u0131r ve ke\u015ffetme iste\u011fini art\u0131r\u0131r. Her sayfa yeni bir macera sunar! Kediniz ve k\u00f6pe\u011finizin oyun d\u00fcnyas\u0131na ne\u015fe katacak bu hissettirilmi\u015f sayfalarla birlikte, e\u011flenceli ve ke\u015fif dolu anlar ge\u00e7irin!","og_url":"https:\/\/2sarp.webyelkeni.com\/en\/product\/hisirtili-gazete-sayfasi\/","article_modified_time":"2024-10-18T08:21:55+00:00","og_image":[{"width":1024,"height":1024,"url":"https:\/\/2sarp.webyelkeni.com\/wp-content\/uploads\/2024\/10\/IMG_0405-kopya-1024x1024.png","type":"image\/png"}],"twitter_card":"summary_large_image","twitter_misc":{"Est. reading time":"1 minute"},"schema":{"@context":"https:\/\/schema.org","@graph":[{"@type":"WebPage","@id":"https:\/\/2sarp.webyelkeni.com\/urun\/hisirtili-gazete-sayfasi\/","url":"https:\/\/2sarp.webyelkeni.com\/urun\/hisirtili-gazete-sayfasi\/","name":"The Daily News H\u0131\u015f\u0131rt\u0131l\u0131 Sayfa -","isPartOf":{"@id":"https:\/\/2sarp.webyelkeni.com\/tr\/#website"},"primaryImageOfPage":{"@id":"https:\/\/2sarp.webyelkeni.com\/urun\/hisirtili-gazete-sayfasi\/#primaryimage"},"image":{"@id":"https:\/\/2sarp.webyelkeni.com\/urun\/hisirtili-gazete-sayfasi\/#primaryimage"},"thumbnailUrl":"https:\/\/2sarp.webyelkeni.com\/wp-content\/uploads\/2024\/10\/IMG_0405-kopya.png","datePublished":"2024-10-02T10:11:46+00:00","dateModified":"2024-10-18T08:21:55+00:00","breadcrumb":{"@id":"https:\/\/2sarp.webyelkeni.com\/urun\/hisirtili-gazete-sayfasi\/#breadcrumb"},"inLanguage":"en-US","potentialAction":[{"@type":"ReadAction","target":["https:\/\/2sarp.webyelkeni.com\/urun\/hisirtili-gazete-sayfasi\/"]}]},{"@type":"ImageObject","inLanguage":"en-US","@id":"https:\/\/2sarp.webyelkeni.com\/urun\/hisirtili-gazete-sayfasi\/#primaryimage","url":"https:\/\/2sarp.webyelkeni.com\/wp-content\/uploads\/2024\/10\/IMG_0405-kopya.png","contentUrl":"https:\/\/2sarp.webyelkeni.com\/wp-content\/uploads\/2024\/10\/IMG_0405-kopya.png","width":1200,"height":1200},{"@type":"BreadcrumbList","@id":"https:\/\/2sarp.webyelkeni.com\/urun\/hisirtili-gazete-sayfasi\/#breadcrumb","itemListElement":[{"@type":"ListItem","position":1,"name":"Anasayfa","item":"https:\/\/2sarp.webyelkeni.com\/"},{"@type":"ListItem","position":2,"name":"Ma\u011faza","item":"https:\/\/2sarp.webyelkeni.com\/magaza-2\/"},{"@type":"ListItem","position":3,"name":"The Daily News H\u0131\u015f\u0131rt\u0131l\u0131 Sayfa"}]},{"@type":"WebSite","@id":"https:\/\/2sarp.webyelkeni.com\/tr\/#website","url":"https:\/\/2sarp.webyelkeni.com\/tr\/","name":"Sarp Toys","description":"","publisher":{"@id":"https:\/\/2sarp.webyelkeni.com\/tr\/#organization"},"potentialAction":[{"@type":"SearchAction","target":{"@type":"EntryPoint","urlTemplate":"https:\/\/2sarp.webyelkeni.com\/tr\/?s={search_term_string}"},"query-input":{"@type":"PropertyValueSpecification","valueRequired":true,"valueName":"search_term_string"}}],"inLanguage":"en-US"},{"@type":"Organization","@id":"https:\/\/2sarp.webyelkeni.com\/tr\/#organization","name":"Sarp Toys","url":"https:\/\/2sarp.webyelkeni.com\/tr\/","logo":{"@type":"ImageObject","inLanguage":"en-US","@id":"https:\/\/2sarp.webyelkeni.com\/tr\/#\/schema\/logo\/image\/","url":"https:\/\/2sarp.webyelkeni.com\/wp-content\/uploads\/2024\/07\/cropped-Artboard-4.png","contentUrl":"https:\/\/2sarp.webyelkeni.com\/wp-content\/uploads\/2024\/07\/cropped-Artboard-4.png","width":3461,"height":1062,"caption":"Sarp Toys"},"image":{"@id":"https:\/\/2sarp.webyelkeni.com\/tr\/#\/schema\/logo\/image\/"}}]}},"brands":[{"id":172,"name":"Crinckle - Rustle","slug":"crinckle-hisirti"}],"_links":{"self":[{"href":"https:\/\/2sarp.webyelkeni.com\/en\/wp-json\/wp\/v2\/product\/6800","targetHints":{"allow":["GET"]}}],"collection":[{"href":"https:\/\/2sarp.webyelkeni.com\/en\/wp-json\/wp\/v2\/product"}],"about":[{"href":"https:\/\/2sarp.webyelkeni.com\/en\/wp-json\/wp\/v2\/types\/product"}],"replies":[{"embeddable":true,"href":"https:\/\/2sarp.webyelkeni.com\/en\/wp-json\/wp\/v2\/comments?post=6800"}],"version-history":[{"count":0,"href":"https:\/\/2sarp.webyelkeni.com\/en\/wp-json\/wp\/v2\/product\/6800\/revisions"}],"wp:featuredmedia":[{"embeddable":true,"href":"https:\/\/2sarp.webyelkeni.com\/en\/wp-json\/wp\/v2\/media\/6801"}],"wp:attachment":[{"href":"https:\/\/2sarp.webyelkeni.com\/en\/wp-json\/wp\/v2\/media?parent=6800"}],"wp:term":[{"taxonomy":"pwb-brand","embeddable":true,"href":"https:\/\/2sarp.webyelkeni.com\/en\/wp-json\/wp\/v2\/pwb-brand?post=6800"},{"taxonomy":"product_brand","embeddable":true,"href":"https:\/\/2sarp.webyelkeni.com\/en\/wp-json\/wp\/v2\/product_brand?post=6800"},{"taxonomy":"product_cat","embeddable":true,"href":"https:\/\/2sarp.webyelkeni.com\/en\/wp-json\/wp\/v2\/product_cat?post=6800"},{"taxonomy":"product_tag","embeddable":true,"href":"https:\/\/2sarp.webyelkeni.com\/en\/wp-json\/wp\/v2\/product_tag?post=6800"}],"curies":[{"name":"wp","href":"https:\/\/api.w.org\/{rel}","templated":true}]}}