{"id":7119,"date":"2024-10-19T09:37:26","date_gmt":"2024-10-19T06:37:26","guid":{"rendered":"https:\/\/2sarp.webyelkeni.com\/?post_type=product&#038;p=7119"},"modified":"2024-10-19T09:37:36","modified_gmt":"2024-10-19T06:37:36","slug":"spiral-horoz","status":"publish","type":"product","link":"https:\/\/2sarp.webyelkeni.com\/en\/product\/spiral-horoz\/","title":{"rendered":"Spiral Horoz"},"content":{"rendered":"","protected":false},"excerpt":{"rendered":"<p>These spiral plush toys are designed to add variety to your furry friends' playtime, providing fun-filled moments!<br \/>\n- The spiral design makes it a perfect choice for your furry friends to play with using their paws. This toy can be moved in different positions, keeping their interest engaged at all times.<br \/>\n- The high-quality plush material ensures that the toys are both soft and durable, allowing your pets to play safely without harming their teeth.<br \/>\n- The design enriched with different colors and textures encourages your cat or dog\u2019s sensory exploration. During playtime, they both have fun and gain new experiences.<br \/>\nCreate joyful moments with these spiral plush toys that will become your cat's or dog's favorite playmate!<\/p>","protected":false},"featured_media":6837,"comment_status":"closed","ping_status":"closed","template":"","meta":{"site-sidebar-layout":"default","site-content-layout":"","ast-site-content-layout":"default","site-content-style":"default","site-sidebar-style":"default","ast-global-header-display":"","ast-banner-title-visibility":"","ast-main-header-display":"","ast-hfb-above-header-display":"","ast-hfb-below-header-display":"","ast-hfb-mobile-header-display":"","site-post-title":"","ast-breadcrumbs-content":"","ast-featured-img":"","footer-sml-layout":"","ast-disable-related-posts":"","theme-transparent-header-meta":"default","adv-header-id-meta":"","stick-header-meta":"","header-above-stick-meta":"","header-main-stick-meta":"","header-below-stick-meta":"","astra-migrate-meta-layouts":"set","ast-page-background-enabled":"default","ast-page-background-meta":{"desktop":{"background-color":"var(--ast-global-color-4)","background-image":"","background-repeat":"repeat","background-position":"center center","background-size":"auto","background-attachment":"scroll","background-type":"","background-media":"","overlay-type":"","overlay-color":"","overlay-opacity":"","overlay-gradient":""},"tablet":{"background-color":"","background-image":"","background-repeat":"repeat","background-position":"center center","background-size":"auto","background-attachment":"scroll","background-type":"","background-media":"","overlay-type":"","overlay-color":"","overlay-opacity":"","overlay-gradient":""},"mobile":{"background-color":"","background-image":"","background-repeat":"repeat","background-position":"center center","background-size":"auto","background-attachment":"scroll","background-type":"","background-media":"","overlay-type":"","overlay-color":"","overlay-opacity":"","overlay-gradient":""}},"ast-content-background-meta":{"desktop":{"background-color":"var(--ast-global-color-5)","background-image":"","background-repeat":"repeat","background-position":"center center","background-size":"auto","background-attachment":"scroll","background-type":"","background-media":"","overlay-type":"","overlay-color":"","overlay-opacity":"","overlay-gradient":""},"tablet":{"background-color":"var(--ast-global-color-5)","background-image":"","background-repeat":"repeat","background-position":"center center","background-size":"auto","background-attachment":"scroll","background-type":"","background-media":"","overlay-type":"","overlay-color":"","overlay-opacity":"","overlay-gradient":""},"mobile":{"background-color":"var(--ast-global-color-5)","background-image":"","background-repeat":"repeat","background-position":"center center","background-size":"auto","background-attachment":"scroll","background-type":"","background-media":"","overlay-type":"","overlay-color":"","overlay-opacity":"","overlay-gradient":""}}},"pwb-brand":[],"product_brand":[],"product_cat":[193,194,184],"product_tag":[],"class_list":{"0":"post-7119","1":"product","2":"type-product","3":"status-publish","4":"has-post-thumbnail","6":"product_cat-oyun-ve-eglence","7":"product_cat-pelus-oyuncaklar","8":"product_cat-pookie","9":"desktop-align-left","10":"tablet-align-left","11":"mobile-align-left","13":"first","14":"instock","15":"virtual","16":"taxable","17":"product-type-simple"},"yoast_head":"<!-- This site is optimized with the Yoast SEO plugin v27.3 - https:\/\/yoast.com\/product\/yoast-seo-wordpress\/ -->\n<title>Spiral Horoz -<\/title>\n<meta name=\"robots\" content=\"index, follow, max-snippet:-1, max-image-preview:large, max-video-preview:-1\" \/>\n<link rel=\"canonical\" href=\"https:\/\/2sarp.webyelkeni.com\/en\/product\/spiral-horoz\/\" \/>\n<meta property=\"og:locale\" content=\"en_US\" \/>\n<meta property=\"og:type\" content=\"article\" \/>\n<meta property=\"og:title\" content=\"Spiral Horoz -\" \/>\n<meta property=\"og:description\" content=\"Sevimli dostlar\u0131n\u0131z\u0131n oyun saatlerine farkl\u0131l\u0131k katacak bu spiral pelu\u015f oyuncaklar, e\u011flence dolu anlar sunmak i\u00e7in tasarland\u0131! - Spiral \u015feklindeki yap\u0131s\u0131, sevimli dostlar\u0131n\u0131z\u0131n patileriyle oynamas\u0131 i\u00e7in m\u00fckemmel bir se\u00e7enek. Farkl\u0131 pozisyonlarda hareket ettirilebilen bu oyuncak, onlar\u0131n ilgisini s\u00fcrekli canl\u0131 tutar. - Y\u00fcksek kaliteli pelu\u015f malzeme, oyuncaklar\u0131n hem yumu\u015fak hem de dayan\u0131kl\u0131 olmas\u0131n\u0131 sa\u011flar. Evcil dostlar\u0131n\u0131z\u0131n di\u015flerine zarar vermeden g\u00fcvenli bir \u015fekilde oynayabilirler. - Farkl\u0131 renk ve dokularla zenginle\u015ftirilmi\u015f tasar\u0131m\u0131, kedinizin veya k\u00f6pe\u011finizin duyusal ke\u015fiflerini te\u015fvik eder. Oyun saatlerinde hem e\u011flenir hem de yeni deneyimler kazan\u0131rlar. Kedinizin veya k\u00f6pe\u011finizin en sevdi\u011fi oyun arkada\u015f\u0131 olacak bu spiral pelu\u015f oyuncaklarla, keyifli anlar ge\u00e7irin!\" \/>\n<meta property=\"og:url\" content=\"https:\/\/2sarp.webyelkeni.com\/en\/product\/spiral-horoz\/\" \/>\n<meta property=\"article:modified_time\" content=\"2024-10-19T06:37:36+00:00\" \/>\n<meta property=\"og:image\" content=\"https:\/\/2sarp.webyelkeni.com\/wp-content\/uploads\/2024\/10\/IMG_0434-kopya.png\" \/>\n\t<meta property=\"og:image:width\" content=\"1200\" \/>\n\t<meta property=\"og:image:height\" content=\"1200\" \/>\n\t<meta property=\"og:image:type\" content=\"image\/png\" \/>\n<meta name=\"twitter:card\" content=\"summary_large_image\" \/>\n<meta name=\"twitter:label1\" content=\"Est. reading time\" \/>\n\t<meta name=\"twitter:data1\" content=\"1 minute\" \/>\n<script type=\"application\/ld+json\" class=\"yoast-schema-graph\">{\"@context\":\"https:\\\/\\\/schema.org\",\"@graph\":[{\"@type\":\"WebPage\",\"@id\":\"https:\\\/\\\/2sarp.webyelkeni.com\\\/urun\\\/spiral-horoz\\\/\",\"url\":\"https:\\\/\\\/2sarp.webyelkeni.com\\\/urun\\\/spiral-horoz\\\/\",\"name\":\"Spiral Horoz -\",\"isPartOf\":{\"@id\":\"https:\\\/\\\/2sarp.webyelkeni.com\\\/tr\\\/#website\"},\"primaryImageOfPage\":{\"@id\":\"https:\\\/\\\/2sarp.webyelkeni.com\\\/urun\\\/spiral-horoz\\\/#primaryimage\"},\"image\":{\"@id\":\"https:\\\/\\\/2sarp.webyelkeni.com\\\/urun\\\/spiral-horoz\\\/#primaryimage\"},\"thumbnailUrl\":\"https:\\\/\\\/2sarp.webyelkeni.com\\\/wp-content\\\/uploads\\\/2024\\\/10\\\/IMG_0434-kopya.png\",\"datePublished\":\"2024-10-19T06:37:26+00:00\",\"dateModified\":\"2024-10-19T06:37:36+00:00\",\"breadcrumb\":{\"@id\":\"https:\\\/\\\/2sarp.webyelkeni.com\\\/urun\\\/spiral-horoz\\\/#breadcrumb\"},\"inLanguage\":\"en-US\",\"potentialAction\":[{\"@type\":\"ReadAction\",\"target\":[\"https:\\\/\\\/2sarp.webyelkeni.com\\\/urun\\\/spiral-horoz\\\/\"]}]},{\"@type\":\"ImageObject\",\"inLanguage\":\"en-US\",\"@id\":\"https:\\\/\\\/2sarp.webyelkeni.com\\\/urun\\\/spiral-horoz\\\/#primaryimage\",\"url\":\"https:\\\/\\\/2sarp.webyelkeni.com\\\/wp-content\\\/uploads\\\/2024\\\/10\\\/IMG_0434-kopya.png\",\"contentUrl\":\"https:\\\/\\\/2sarp.webyelkeni.com\\\/wp-content\\\/uploads\\\/2024\\\/10\\\/IMG_0434-kopya.png\",\"width\":1200,\"height\":1200},{\"@type\":\"BreadcrumbList\",\"@id\":\"https:\\\/\\\/2sarp.webyelkeni.com\\\/urun\\\/spiral-horoz\\\/#breadcrumb\",\"itemListElement\":[{\"@type\":\"ListItem\",\"position\":1,\"name\":\"Anasayfa\",\"item\":\"https:\\\/\\\/2sarp.webyelkeni.com\\\/\"},{\"@type\":\"ListItem\",\"position\":2,\"name\":\"Ma\u011faza\",\"item\":\"https:\\\/\\\/2sarp.webyelkeni.com\\\/magaza-2\\\/\"},{\"@type\":\"ListItem\",\"position\":3,\"name\":\"Spiral Horoz\"}]},{\"@type\":\"WebSite\",\"@id\":\"https:\\\/\\\/2sarp.webyelkeni.com\\\/tr\\\/#website\",\"url\":\"https:\\\/\\\/2sarp.webyelkeni.com\\\/tr\\\/\",\"name\":\"Sarp Toys\",\"description\":\"\",\"publisher\":{\"@id\":\"https:\\\/\\\/2sarp.webyelkeni.com\\\/tr\\\/#organization\"},\"potentialAction\":[{\"@type\":\"SearchAction\",\"target\":{\"@type\":\"EntryPoint\",\"urlTemplate\":\"https:\\\/\\\/2sarp.webyelkeni.com\\\/tr\\\/?s={search_term_string}\"},\"query-input\":{\"@type\":\"PropertyValueSpecification\",\"valueRequired\":true,\"valueName\":\"search_term_string\"}}],\"inLanguage\":\"en-US\"},{\"@type\":\"Organization\",\"@id\":\"https:\\\/\\\/2sarp.webyelkeni.com\\\/tr\\\/#organization\",\"name\":\"Sarp Toys\",\"url\":\"https:\\\/\\\/2sarp.webyelkeni.com\\\/tr\\\/\",\"logo\":{\"@type\":\"ImageObject\",\"inLanguage\":\"en-US\",\"@id\":\"https:\\\/\\\/2sarp.webyelkeni.com\\\/tr\\\/#\\\/schema\\\/logo\\\/image\\\/\",\"url\":\"https:\\\/\\\/2sarp.webyelkeni.com\\\/wp-content\\\/uploads\\\/2024\\\/07\\\/cropped-Artboard-4.png\",\"contentUrl\":\"https:\\\/\\\/2sarp.webyelkeni.com\\\/wp-content\\\/uploads\\\/2024\\\/07\\\/cropped-Artboard-4.png\",\"width\":3461,\"height\":1062,\"caption\":\"Sarp Toys\"},\"image\":{\"@id\":\"https:\\\/\\\/2sarp.webyelkeni.com\\\/tr\\\/#\\\/schema\\\/logo\\\/image\\\/\"}}]}<\/script>\n<!-- \/ Yoast SEO plugin. -->","yoast_head_json":{"title":"Spiral Horoz -","robots":{"index":"index","follow":"follow","max-snippet":"max-snippet:-1","max-image-preview":"max-image-preview:large","max-video-preview":"max-video-preview:-1"},"canonical":"https:\/\/2sarp.webyelkeni.com\/en\/product\/spiral-horoz\/","og_locale":"en_US","og_type":"article","og_title":"Spiral Horoz -","og_description":"Sevimli dostlar\u0131n\u0131z\u0131n oyun saatlerine farkl\u0131l\u0131k katacak bu spiral pelu\u015f oyuncaklar, e\u011flence dolu anlar sunmak i\u00e7in tasarland\u0131! - Spiral \u015feklindeki yap\u0131s\u0131, sevimli dostlar\u0131n\u0131z\u0131n patileriyle oynamas\u0131 i\u00e7in m\u00fckemmel bir se\u00e7enek. Farkl\u0131 pozisyonlarda hareket ettirilebilen bu oyuncak, onlar\u0131n ilgisini s\u00fcrekli canl\u0131 tutar. - Y\u00fcksek kaliteli pelu\u015f malzeme, oyuncaklar\u0131n hem yumu\u015fak hem de dayan\u0131kl\u0131 olmas\u0131n\u0131 sa\u011flar. Evcil dostlar\u0131n\u0131z\u0131n di\u015flerine zarar vermeden g\u00fcvenli bir \u015fekilde oynayabilirler. - Farkl\u0131 renk ve dokularla zenginle\u015ftirilmi\u015f tasar\u0131m\u0131, kedinizin veya k\u00f6pe\u011finizin duyusal ke\u015fiflerini te\u015fvik eder. Oyun saatlerinde hem e\u011flenir hem de yeni deneyimler kazan\u0131rlar. Kedinizin veya k\u00f6pe\u011finizin en sevdi\u011fi oyun arkada\u015f\u0131 olacak bu spiral pelu\u015f oyuncaklarla, keyifli anlar ge\u00e7irin!","og_url":"https:\/\/2sarp.webyelkeni.com\/en\/product\/spiral-horoz\/","article_modified_time":"2024-10-19T06:37:36+00:00","og_image":[{"width":1200,"height":1200,"url":"https:\/\/2sarp.webyelkeni.com\/wp-content\/uploads\/2024\/10\/IMG_0434-kopya.png","type":"image\/png"}],"twitter_card":"summary_large_image","twitter_misc":{"Est. reading time":"1 minute"},"schema":{"@context":"https:\/\/schema.org","@graph":[{"@type":"WebPage","@id":"https:\/\/2sarp.webyelkeni.com\/urun\/spiral-horoz\/","url":"https:\/\/2sarp.webyelkeni.com\/urun\/spiral-horoz\/","name":"Spiral Horoz -","isPartOf":{"@id":"https:\/\/2sarp.webyelkeni.com\/tr\/#website"},"primaryImageOfPage":{"@id":"https:\/\/2sarp.webyelkeni.com\/urun\/spiral-horoz\/#primaryimage"},"image":{"@id":"https:\/\/2sarp.webyelkeni.com\/urun\/spiral-horoz\/#primaryimage"},"thumbnailUrl":"https:\/\/2sarp.webyelkeni.com\/wp-content\/uploads\/2024\/10\/IMG_0434-kopya.png","datePublished":"2024-10-19T06:37:26+00:00","dateModified":"2024-10-19T06:37:36+00:00","breadcrumb":{"@id":"https:\/\/2sarp.webyelkeni.com\/urun\/spiral-horoz\/#breadcrumb"},"inLanguage":"en-US","potentialAction":[{"@type":"ReadAction","target":["https:\/\/2sarp.webyelkeni.com\/urun\/spiral-horoz\/"]}]},{"@type":"ImageObject","inLanguage":"en-US","@id":"https:\/\/2sarp.webyelkeni.com\/urun\/spiral-horoz\/#primaryimage","url":"https:\/\/2sarp.webyelkeni.com\/wp-content\/uploads\/2024\/10\/IMG_0434-kopya.png","contentUrl":"https:\/\/2sarp.webyelkeni.com\/wp-content\/uploads\/2024\/10\/IMG_0434-kopya.png","width":1200,"height":1200},{"@type":"BreadcrumbList","@id":"https:\/\/2sarp.webyelkeni.com\/urun\/spiral-horoz\/#breadcrumb","itemListElement":[{"@type":"ListItem","position":1,"name":"Anasayfa","item":"https:\/\/2sarp.webyelkeni.com\/"},{"@type":"ListItem","position":2,"name":"Ma\u011faza","item":"https:\/\/2sarp.webyelkeni.com\/magaza-2\/"},{"@type":"ListItem","position":3,"name":"Spiral Horoz"}]},{"@type":"WebSite","@id":"https:\/\/2sarp.webyelkeni.com\/tr\/#website","url":"https:\/\/2sarp.webyelkeni.com\/tr\/","name":"Sarp Toys","description":"","publisher":{"@id":"https:\/\/2sarp.webyelkeni.com\/tr\/#organization"},"potentialAction":[{"@type":"SearchAction","target":{"@type":"EntryPoint","urlTemplate":"https:\/\/2sarp.webyelkeni.com\/tr\/?s={search_term_string}"},"query-input":{"@type":"PropertyValueSpecification","valueRequired":true,"valueName":"search_term_string"}}],"inLanguage":"en-US"},{"@type":"Organization","@id":"https:\/\/2sarp.webyelkeni.com\/tr\/#organization","name":"Sarp Toys","url":"https:\/\/2sarp.webyelkeni.com\/tr\/","logo":{"@type":"ImageObject","inLanguage":"en-US","@id":"https:\/\/2sarp.webyelkeni.com\/tr\/#\/schema\/logo\/image\/","url":"https:\/\/2sarp.webyelkeni.com\/wp-content\/uploads\/2024\/07\/cropped-Artboard-4.png","contentUrl":"https:\/\/2sarp.webyelkeni.com\/wp-content\/uploads\/2024\/07\/cropped-Artboard-4.png","width":3461,"height":1062,"caption":"Sarp Toys"},"image":{"@id":"https:\/\/2sarp.webyelkeni.com\/tr\/#\/schema\/logo\/image\/"}}]}},"brands":[],"_links":{"self":[{"href":"https:\/\/2sarp.webyelkeni.com\/en\/wp-json\/wp\/v2\/product\/7119","targetHints":{"allow":["GET"]}}],"collection":[{"href":"https:\/\/2sarp.webyelkeni.com\/en\/wp-json\/wp\/v2\/product"}],"about":[{"href":"https:\/\/2sarp.webyelkeni.com\/en\/wp-json\/wp\/v2\/types\/product"}],"replies":[{"embeddable":true,"href":"https:\/\/2sarp.webyelkeni.com\/en\/wp-json\/wp\/v2\/comments?post=7119"}],"version-history":[{"count":0,"href":"https:\/\/2sarp.webyelkeni.com\/en\/wp-json\/wp\/v2\/product\/7119\/revisions"}],"wp:featuredmedia":[{"embeddable":true,"href":"https:\/\/2sarp.webyelkeni.com\/en\/wp-json\/wp\/v2\/media\/6837"}],"wp:attachment":[{"href":"https:\/\/2sarp.webyelkeni.com\/en\/wp-json\/wp\/v2\/media?parent=7119"}],"wp:term":[{"taxonomy":"pwb-brand","embeddable":true,"href":"https:\/\/2sarp.webyelkeni.com\/en\/wp-json\/wp\/v2\/pwb-brand?post=7119"},{"taxonomy":"product_brand","embeddable":true,"href":"https:\/\/2sarp.webyelkeni.com\/en\/wp-json\/wp\/v2\/product_brand?post=7119"},{"taxonomy":"product_cat","embeddable":true,"href":"https:\/\/2sarp.webyelkeni.com\/en\/wp-json\/wp\/v2\/product_cat?post=7119"},{"taxonomy":"product_tag","embeddable":true,"href":"https:\/\/2sarp.webyelkeni.com\/en\/wp-json\/wp\/v2\/product_tag?post=7119"}],"curies":[{"name":"wp","href":"https:\/\/api.w.org\/{rel}","templated":true}]}}