{"id":7182,"date":"2024-10-19T11:00:38","date_gmt":"2024-10-19T08:00:38","guid":{"rendered":"https:\/\/2sarp.webyelkeni.com\/?post_type=product&#038;p=7182"},"modified":"2024-10-21T11:10:29","modified_gmt":"2024-10-21T08:10:29","slug":"kedi-oyun-minderi","status":"publish","type":"product","link":"https:\/\/2sarp.webyelkeni.com\/en\/product\/kedi-oyun-minderi\/","title":{"rendered":"Cat Activity Mat"},"content":{"rendered":"","protected":false},"excerpt":{"rendered":"<p>This cat play mat makes your adorable companions' playtime more enjoyable, offering both fun and comfort!<br \/>\n- The thick padding provides a soft surface for your cat to play comfortably. It ensures a cozy experience even during long play sessions.<br \/>\n- Decorated with colorful and varied patterns, this mat captures your cat's interest. The different textures and colors support their sensory exploration.<br \/>\nThe non-slip texture on the bottom of the mat keeps it securely in place, creating a safe play area even when in motion. It prevents your cat from slipping while jumping or running.<br \/>\nEnjoy fun and delightful hours with this play mat that will bring joy to your cat's playtime!<\/p>","protected":false},"featured_media":7183,"comment_status":"closed","ping_status":"closed","template":"","meta":{"site-sidebar-layout":"default","site-content-layout":"","ast-site-content-layout":"default","site-content-style":"default","site-sidebar-style":"default","ast-global-header-display":"","ast-banner-title-visibility":"","ast-main-header-display":"","ast-hfb-above-header-display":"","ast-hfb-below-header-display":"","ast-hfb-mobile-header-display":"","site-post-title":"","ast-breadcrumbs-content":"","ast-featured-img":"","footer-sml-layout":"","ast-disable-related-posts":"","theme-transparent-header-meta":"default","adv-header-id-meta":"","stick-header-meta":"","header-above-stick-meta":"","header-main-stick-meta":"","header-below-stick-meta":"","astra-migrate-meta-layouts":"set","ast-page-background-enabled":"default","ast-page-background-meta":{"desktop":{"background-color":"var(--ast-global-color-4)","background-image":"","background-repeat":"repeat","background-position":"center center","background-size":"auto","background-attachment":"scroll","background-type":"","background-media":"","overlay-type":"","overlay-color":"","overlay-opacity":"","overlay-gradient":""},"tablet":{"background-color":"","background-image":"","background-repeat":"repeat","background-position":"center center","background-size":"auto","background-attachment":"scroll","background-type":"","background-media":"","overlay-type":"","overlay-color":"","overlay-opacity":"","overlay-gradient":""},"mobile":{"background-color":"","background-image":"","background-repeat":"repeat","background-position":"center center","background-size":"auto","background-attachment":"scroll","background-type":"","background-media":"","overlay-type":"","overlay-color":"","overlay-opacity":"","overlay-gradient":""}},"ast-content-background-meta":{"desktop":{"background-color":"var(--ast-global-color-5)","background-image":"","background-repeat":"repeat","background-position":"center center","background-size":"auto","background-attachment":"scroll","background-type":"","background-media":"","overlay-type":"","overlay-color":"","overlay-opacity":"","overlay-gradient":""},"tablet":{"background-color":"var(--ast-global-color-5)","background-image":"","background-repeat":"repeat","background-position":"center center","background-size":"auto","background-attachment":"scroll","background-type":"","background-media":"","overlay-type":"","overlay-color":"","overlay-opacity":"","overlay-gradient":""},"mobile":{"background-color":"var(--ast-global-color-5)","background-image":"","background-repeat":"repeat","background-position":"center center","background-size":"auto","background-attachment":"scroll","background-type":"","background-media":"","overlay-type":"","overlay-color":"","overlay-opacity":"","overlay-gradient":""}}},"pwb-brand":[174,171],"product_brand":[],"product_cat":[187,184,185],"product_tag":[],"class_list":{"0":"post-7182","1":"product","2":"type-product","3":"status-publish","4":"has-post-thumbnail","6":"pwb-brand-hand-wash-elde-yikanabilir","7":"pwb-brand-makinede-yikanabilir","8":"product_cat-oyun-minderi","9":"product_cat-pookie","10":"product_cat-uyku-dinlenme","11":"desktop-align-left","12":"tablet-align-left","13":"mobile-align-left","15":"first","16":"instock","17":"virtual","18":"taxable","19":"product-type-simple"},"yoast_head":"<!-- This site is optimized with the Yoast SEO plugin v27.3 - https:\/\/yoast.com\/product\/yoast-seo-wordpress\/ -->\n<title>Kedi Oyun Minderi -<\/title>\n<meta name=\"robots\" content=\"index, follow, max-snippet:-1, max-image-preview:large, max-video-preview:-1\" \/>\n<link rel=\"canonical\" href=\"https:\/\/2sarp.webyelkeni.com\/en\/product\/kedi-oyun-minderi\/\" \/>\n<meta property=\"og:locale\" content=\"en_US\" \/>\n<meta property=\"og:type\" content=\"article\" \/>\n<meta property=\"og:title\" content=\"Kedi Oyun Minderi -\" \/>\n<meta property=\"og:description\" content=\"Sevimli dostlar\u0131n\u0131z\u0131n oyun saatlerini daha keyifli hale getiren bu kedi oyun minderi, hem e\u011flence hem de konfor sunuyor! - Kal\u0131n dolgu malzemesi, kedinizin rahat\u00e7a oynayabilece\u011fi yumu\u015fak bir zemin sa\u011flar. Uzun s\u00fcreli oyun seanslar\u0131nda bile konforlu bir deneyim sunar. - Renkli ve \u00e7e\u015fitli desenlerle s\u00fcslenmi\u015f bu minder, kedinizin ilgisini \u00e7eker. Farkl\u0131 dokular ve renkler, onlar\u0131n duyusal ke\u015fiflerini destekler. - Minderin alt k\u0131sm\u0131ndaki kaymaz doku, hareket halinde bile yerinde durarak g\u00fcvenli bir oyun alan\u0131 olu\u015fturur. Kedinizin z\u0131plarken veya ko\u015farken kaymas\u0131n\u0131 \u00f6nler. Kedinizin oyun d\u00fcnyas\u0131na ne\u015fe katacak bu oyun minderi ile e\u011flenceli ve keyifli saatler ge\u00e7irin!\" \/>\n<meta property=\"og:url\" content=\"https:\/\/2sarp.webyelkeni.com\/en\/product\/kedi-oyun-minderi\/\" \/>\n<meta property=\"article:modified_time\" content=\"2024-10-21T08:10:29+00:00\" \/>\n<meta property=\"og:image\" content=\"https:\/\/2sarp.webyelkeni.com\/wp-content\/uploads\/2024\/10\/IMG_0980-kopya-1024x1024.png\" \/>\n\t<meta property=\"og:image:width\" content=\"1024\" \/>\n\t<meta property=\"og:image:height\" content=\"1024\" \/>\n\t<meta property=\"og:image:type\" content=\"image\/png\" \/>\n<meta name=\"twitter:card\" content=\"summary_large_image\" \/>\n<meta name=\"twitter:label1\" content=\"Est. reading time\" \/>\n\t<meta name=\"twitter:data1\" content=\"1 minute\" \/>\n<script type=\"application\/ld+json\" class=\"yoast-schema-graph\">{\"@context\":\"https:\\\/\\\/schema.org\",\"@graph\":[{\"@type\":\"WebPage\",\"@id\":\"https:\\\/\\\/2sarp.webyelkeni.com\\\/urun\\\/kedi-oyun-minderi\\\/\",\"url\":\"https:\\\/\\\/2sarp.webyelkeni.com\\\/urun\\\/kedi-oyun-minderi\\\/\",\"name\":\"Kedi Oyun Minderi -\",\"isPartOf\":{\"@id\":\"https:\\\/\\\/2sarp.webyelkeni.com\\\/tr\\\/#website\"},\"primaryImageOfPage\":{\"@id\":\"https:\\\/\\\/2sarp.webyelkeni.com\\\/urun\\\/kedi-oyun-minderi\\\/#primaryimage\"},\"image\":{\"@id\":\"https:\\\/\\\/2sarp.webyelkeni.com\\\/urun\\\/kedi-oyun-minderi\\\/#primaryimage\"},\"thumbnailUrl\":\"https:\\\/\\\/2sarp.webyelkeni.com\\\/wp-content\\\/uploads\\\/2024\\\/10\\\/IMG_0980-kopya.png\",\"datePublished\":\"2024-10-19T08:00:38+00:00\",\"dateModified\":\"2024-10-21T08:10:29+00:00\",\"breadcrumb\":{\"@id\":\"https:\\\/\\\/2sarp.webyelkeni.com\\\/urun\\\/kedi-oyun-minderi\\\/#breadcrumb\"},\"inLanguage\":\"en-US\",\"potentialAction\":[{\"@type\":\"ReadAction\",\"target\":[\"https:\\\/\\\/2sarp.webyelkeni.com\\\/urun\\\/kedi-oyun-minderi\\\/\"]}]},{\"@type\":\"ImageObject\",\"inLanguage\":\"en-US\",\"@id\":\"https:\\\/\\\/2sarp.webyelkeni.com\\\/urun\\\/kedi-oyun-minderi\\\/#primaryimage\",\"url\":\"https:\\\/\\\/2sarp.webyelkeni.com\\\/wp-content\\\/uploads\\\/2024\\\/10\\\/IMG_0980-kopya.png\",\"contentUrl\":\"https:\\\/\\\/2sarp.webyelkeni.com\\\/wp-content\\\/uploads\\\/2024\\\/10\\\/IMG_0980-kopya.png\",\"width\":1200,\"height\":1200},{\"@type\":\"BreadcrumbList\",\"@id\":\"https:\\\/\\\/2sarp.webyelkeni.com\\\/urun\\\/kedi-oyun-minderi\\\/#breadcrumb\",\"itemListElement\":[{\"@type\":\"ListItem\",\"position\":1,\"name\":\"Anasayfa\",\"item\":\"https:\\\/\\\/2sarp.webyelkeni.com\\\/\"},{\"@type\":\"ListItem\",\"position\":2,\"name\":\"Ma\u011faza\",\"item\":\"https:\\\/\\\/2sarp.webyelkeni.com\\\/magaza-2\\\/\"},{\"@type\":\"ListItem\",\"position\":3,\"name\":\"Kedi Oyun Minderi\"}]},{\"@type\":\"WebSite\",\"@id\":\"https:\\\/\\\/2sarp.webyelkeni.com\\\/tr\\\/#website\",\"url\":\"https:\\\/\\\/2sarp.webyelkeni.com\\\/tr\\\/\",\"name\":\"Sarp Toys\",\"description\":\"\",\"publisher\":{\"@id\":\"https:\\\/\\\/2sarp.webyelkeni.com\\\/tr\\\/#organization\"},\"potentialAction\":[{\"@type\":\"SearchAction\",\"target\":{\"@type\":\"EntryPoint\",\"urlTemplate\":\"https:\\\/\\\/2sarp.webyelkeni.com\\\/tr\\\/?s={search_term_string}\"},\"query-input\":{\"@type\":\"PropertyValueSpecification\",\"valueRequired\":true,\"valueName\":\"search_term_string\"}}],\"inLanguage\":\"en-US\"},{\"@type\":\"Organization\",\"@id\":\"https:\\\/\\\/2sarp.webyelkeni.com\\\/tr\\\/#organization\",\"name\":\"Sarp Toys\",\"url\":\"https:\\\/\\\/2sarp.webyelkeni.com\\\/tr\\\/\",\"logo\":{\"@type\":\"ImageObject\",\"inLanguage\":\"en-US\",\"@id\":\"https:\\\/\\\/2sarp.webyelkeni.com\\\/tr\\\/#\\\/schema\\\/logo\\\/image\\\/\",\"url\":\"https:\\\/\\\/2sarp.webyelkeni.com\\\/wp-content\\\/uploads\\\/2024\\\/07\\\/cropped-Artboard-4.png\",\"contentUrl\":\"https:\\\/\\\/2sarp.webyelkeni.com\\\/wp-content\\\/uploads\\\/2024\\\/07\\\/cropped-Artboard-4.png\",\"width\":3461,\"height\":1062,\"caption\":\"Sarp Toys\"},\"image\":{\"@id\":\"https:\\\/\\\/2sarp.webyelkeni.com\\\/tr\\\/#\\\/schema\\\/logo\\\/image\\\/\"}}]}<\/script>\n<!-- \/ Yoast SEO plugin. -->","yoast_head_json":{"title":"Kedi Oyun Minderi -","robots":{"index":"index","follow":"follow","max-snippet":"max-snippet:-1","max-image-preview":"max-image-preview:large","max-video-preview":"max-video-preview:-1"},"canonical":"https:\/\/2sarp.webyelkeni.com\/en\/product\/kedi-oyun-minderi\/","og_locale":"en_US","og_type":"article","og_title":"Kedi Oyun Minderi -","og_description":"Sevimli dostlar\u0131n\u0131z\u0131n oyun saatlerini daha keyifli hale getiren bu kedi oyun minderi, hem e\u011flence hem de konfor sunuyor! - Kal\u0131n dolgu malzemesi, kedinizin rahat\u00e7a oynayabilece\u011fi yumu\u015fak bir zemin sa\u011flar. Uzun s\u00fcreli oyun seanslar\u0131nda bile konforlu bir deneyim sunar. - Renkli ve \u00e7e\u015fitli desenlerle s\u00fcslenmi\u015f bu minder, kedinizin ilgisini \u00e7eker. Farkl\u0131 dokular ve renkler, onlar\u0131n duyusal ke\u015fiflerini destekler. - Minderin alt k\u0131sm\u0131ndaki kaymaz doku, hareket halinde bile yerinde durarak g\u00fcvenli bir oyun alan\u0131 olu\u015fturur. Kedinizin z\u0131plarken veya ko\u015farken kaymas\u0131n\u0131 \u00f6nler. Kedinizin oyun d\u00fcnyas\u0131na ne\u015fe katacak bu oyun minderi ile e\u011flenceli ve keyifli saatler ge\u00e7irin!","og_url":"https:\/\/2sarp.webyelkeni.com\/en\/product\/kedi-oyun-minderi\/","article_modified_time":"2024-10-21T08:10:29+00:00","og_image":[{"width":1024,"height":1024,"url":"https:\/\/2sarp.webyelkeni.com\/wp-content\/uploads\/2024\/10\/IMG_0980-kopya-1024x1024.png","type":"image\/png"}],"twitter_card":"summary_large_image","twitter_misc":{"Est. reading time":"1 minute"},"schema":{"@context":"https:\/\/schema.org","@graph":[{"@type":"WebPage","@id":"https:\/\/2sarp.webyelkeni.com\/urun\/kedi-oyun-minderi\/","url":"https:\/\/2sarp.webyelkeni.com\/urun\/kedi-oyun-minderi\/","name":"Kedi Oyun Minderi -","isPartOf":{"@id":"https:\/\/2sarp.webyelkeni.com\/tr\/#website"},"primaryImageOfPage":{"@id":"https:\/\/2sarp.webyelkeni.com\/urun\/kedi-oyun-minderi\/#primaryimage"},"image":{"@id":"https:\/\/2sarp.webyelkeni.com\/urun\/kedi-oyun-minderi\/#primaryimage"},"thumbnailUrl":"https:\/\/2sarp.webyelkeni.com\/wp-content\/uploads\/2024\/10\/IMG_0980-kopya.png","datePublished":"2024-10-19T08:00:38+00:00","dateModified":"2024-10-21T08:10:29+00:00","breadcrumb":{"@id":"https:\/\/2sarp.webyelkeni.com\/urun\/kedi-oyun-minderi\/#breadcrumb"},"inLanguage":"en-US","potentialAction":[{"@type":"ReadAction","target":["https:\/\/2sarp.webyelkeni.com\/urun\/kedi-oyun-minderi\/"]}]},{"@type":"ImageObject","inLanguage":"en-US","@id":"https:\/\/2sarp.webyelkeni.com\/urun\/kedi-oyun-minderi\/#primaryimage","url":"https:\/\/2sarp.webyelkeni.com\/wp-content\/uploads\/2024\/10\/IMG_0980-kopya.png","contentUrl":"https:\/\/2sarp.webyelkeni.com\/wp-content\/uploads\/2024\/10\/IMG_0980-kopya.png","width":1200,"height":1200},{"@type":"BreadcrumbList","@id":"https:\/\/2sarp.webyelkeni.com\/urun\/kedi-oyun-minderi\/#breadcrumb","itemListElement":[{"@type":"ListItem","position":1,"name":"Anasayfa","item":"https:\/\/2sarp.webyelkeni.com\/"},{"@type":"ListItem","position":2,"name":"Ma\u011faza","item":"https:\/\/2sarp.webyelkeni.com\/magaza-2\/"},{"@type":"ListItem","position":3,"name":"Kedi Oyun Minderi"}]},{"@type":"WebSite","@id":"https:\/\/2sarp.webyelkeni.com\/tr\/#website","url":"https:\/\/2sarp.webyelkeni.com\/tr\/","name":"Sarp Toys","description":"","publisher":{"@id":"https:\/\/2sarp.webyelkeni.com\/tr\/#organization"},"potentialAction":[{"@type":"SearchAction","target":{"@type":"EntryPoint","urlTemplate":"https:\/\/2sarp.webyelkeni.com\/tr\/?s={search_term_string}"},"query-input":{"@type":"PropertyValueSpecification","valueRequired":true,"valueName":"search_term_string"}}],"inLanguage":"en-US"},{"@type":"Organization","@id":"https:\/\/2sarp.webyelkeni.com\/tr\/#organization","name":"Sarp Toys","url":"https:\/\/2sarp.webyelkeni.com\/tr\/","logo":{"@type":"ImageObject","inLanguage":"en-US","@id":"https:\/\/2sarp.webyelkeni.com\/tr\/#\/schema\/logo\/image\/","url":"https:\/\/2sarp.webyelkeni.com\/wp-content\/uploads\/2024\/07\/cropped-Artboard-4.png","contentUrl":"https:\/\/2sarp.webyelkeni.com\/wp-content\/uploads\/2024\/07\/cropped-Artboard-4.png","width":3461,"height":1062,"caption":"Sarp Toys"},"image":{"@id":"https:\/\/2sarp.webyelkeni.com\/tr\/#\/schema\/logo\/image\/"}}]}},"brands":[{"id":174,"name":"Hand wash - Elde y\u0131kanabilir","slug":"hand-wash-elde-yikanabilir"},{"id":171,"name":"Machine wash - Makinede Y\u0131kanabilir","slug":"makinede-yikanabilir"}],"_links":{"self":[{"href":"https:\/\/2sarp.webyelkeni.com\/en\/wp-json\/wp\/v2\/product\/7182","targetHints":{"allow":["GET"]}}],"collection":[{"href":"https:\/\/2sarp.webyelkeni.com\/en\/wp-json\/wp\/v2\/product"}],"about":[{"href":"https:\/\/2sarp.webyelkeni.com\/en\/wp-json\/wp\/v2\/types\/product"}],"replies":[{"embeddable":true,"href":"https:\/\/2sarp.webyelkeni.com\/en\/wp-json\/wp\/v2\/comments?post=7182"}],"version-history":[{"count":0,"href":"https:\/\/2sarp.webyelkeni.com\/en\/wp-json\/wp\/v2\/product\/7182\/revisions"}],"wp:featuredmedia":[{"embeddable":true,"href":"https:\/\/2sarp.webyelkeni.com\/en\/wp-json\/wp\/v2\/media\/7183"}],"wp:attachment":[{"href":"https:\/\/2sarp.webyelkeni.com\/en\/wp-json\/wp\/v2\/media?parent=7182"}],"wp:term":[{"taxonomy":"pwb-brand","embeddable":true,"href":"https:\/\/2sarp.webyelkeni.com\/en\/wp-json\/wp\/v2\/pwb-brand?post=7182"},{"taxonomy":"product_brand","embeddable":true,"href":"https:\/\/2sarp.webyelkeni.com\/en\/wp-json\/wp\/v2\/product_brand?post=7182"},{"taxonomy":"product_cat","embeddable":true,"href":"https:\/\/2sarp.webyelkeni.com\/en\/wp-json\/wp\/v2\/product_cat?post=7182"},{"taxonomy":"product_tag","embeddable":true,"href":"https:\/\/2sarp.webyelkeni.com\/en\/wp-json\/wp\/v2\/product_tag?post=7182"}],"curies":[{"name":"wp","href":"https:\/\/api.w.org\/{rel}","templated":true}]}}