{"id":1330,"date":"2024-07-04T12:34:33","date_gmt":"2024-07-04T09:34:33","guid":{"rendered":"https:\/\/2sarp.webyelkeni.com\/?page_id=1330"},"modified":"2024-08-26T10:02:54","modified_gmt":"2024-08-26T07:02:54","slug":"kurumsal","status":"publish","type":"page","link":"https:\/\/2sarp.webyelkeni.com\/tr\/kurumsal\/","title":{"rendered":"Kurumsal"},"content":{"rendered":"\t\t<div data-elementor-type=\"wp-page\" data-elementor-id=\"1330\" class=\"elementor elementor-1330\">\n\t\t\t\t\t\t<section class=\"elementor-section elementor-top-section elementor-element elementor-element-437cf169 elementor-section-full_width elementor-section-height-min-height elementor-section-height-default elementor-section-items-middle\" data-id=\"437cf169\" data-element_type=\"section\" data-e-type=\"section\" data-settings=\"{&quot;background_background&quot;:&quot;classic&quot;}\">\n\t\t\t\t\t\t<div class=\"elementor-container elementor-column-gap-default\">\n\t\t\t\t\t<div class=\"elementor-column elementor-col-100 elementor-top-column elementor-element elementor-element-60ce5013\" data-id=\"60ce5013\" data-element_type=\"column\" data-e-type=\"column\">\n\t\t\t<div class=\"elementor-widget-wrap\">\n\t\t\t\t\t\t\t<\/div>\n\t\t<\/div>\n\t\t\t\t\t<\/div>\n\t\t<\/section>\n\t\t<div class=\"elementor-element elementor-element-b4db260 e-flex e-con-boxed e-con e-parent\" data-id=\"b4db260\" data-element_type=\"container\" data-e-type=\"container\" data-settings=\"{&quot;background_background&quot;:&quot;classic&quot;}\">\n\t\t\t\t\t<div class=\"e-con-inner\">\n\t\t\t\t<div class=\"elementor-element elementor-element-65ef621 elementor-widget__width-inherit elementor-widget elementor-widget-image\" data-id=\"65ef621\" data-element_type=\"widget\" data-e-type=\"widget\" data-widget_type=\"image.default\">\n\t\t\t\t<div class=\"elementor-widget-container\">\n\t\t\t\t\t\t\t\t\t\t\t\t\t\t\t<img fetchpriority=\"high\" decoding=\"async\" width=\"1920\" height=\"600\" src=\"https:\/\/2sarp.webyelkeni.com\/wp-content\/uploads\/2024\/07\/hakkimizda-yatay-banner-degisecek.jpg\" class=\"attachment-full size-full wp-image-2122\" alt=\"\" srcset=\"https:\/\/2sarp.webyelkeni.com\/wp-content\/uploads\/2024\/07\/hakkimizda-yatay-banner-degisecek.jpg 1920w, https:\/\/2sarp.webyelkeni.com\/wp-content\/uploads\/2024\/07\/hakkimizda-yatay-banner-degisecek-1200x375.jpg 1200w, https:\/\/2sarp.webyelkeni.com\/wp-content\/uploads\/2024\/07\/hakkimizda-yatay-banner-degisecek-300x94.jpg 300w, https:\/\/2sarp.webyelkeni.com\/wp-content\/uploads\/2024\/07\/hakkimizda-yatay-banner-degisecek-1024x320.jpg 1024w, https:\/\/2sarp.webyelkeni.com\/wp-content\/uploads\/2024\/07\/hakkimizda-yatay-banner-degisecek-768x240.jpg 768w, https:\/\/2sarp.webyelkeni.com\/wp-content\/uploads\/2024\/07\/hakkimizda-yatay-banner-degisecek-1536x480.jpg 1536w, https:\/\/2sarp.webyelkeni.com\/wp-content\/uploads\/2024\/07\/hakkimizda-yatay-banner-degisecek-18x6.jpg 18w\" sizes=\"(max-width: 1920px) 100vw, 1920px\" \/>\t\t\t\t\t\t\t\t\t\t\t\t\t\t\t<\/div>\n\t\t\t\t<\/div>\n\t\t\t\t\t<\/div>\n\t\t\t\t<\/div>\n\t\t<div class=\"elementor-element elementor-element-ad35b50 e-flex e-con-boxed e-con e-parent\" data-id=\"ad35b50\" data-element_type=\"container\" data-e-type=\"container\">\n\t\t\t\t\t<div class=\"e-con-inner\">\n\t\t<div class=\"elementor-element elementor-element-54682ae e-con-full e-flex e-con e-child\" data-id=\"54682ae\" data-element_type=\"container\" data-e-type=\"container\">\n\t\t\t\t<div class=\"elementor-element elementor-element-540105f elementor-widget elementor-widget-heading\" data-id=\"540105f\" data-element_type=\"widget\" data-e-type=\"widget\" data-widget_type=\"heading.default\">\n\t\t\t\t<div class=\"elementor-widget-container\">\n\t\t\t\t\t<h2 class=\"elementor-heading-title elementor-size-default\">Hakk\u0131m\u0131zda<\/h2>\t\t\t\t<\/div>\n\t\t\t\t<\/div>\n\t\t\t\t<\/div>\n\t\t<div class=\"elementor-element elementor-element-fdd590e e-con-full e-flex e-con e-child\" data-id=\"fdd590e\" data-element_type=\"container\" data-e-type=\"container\">\n\t\t\t\t<div class=\"elementor-element elementor-element-9b4822e elementor-widget elementor-widget-heading\" data-id=\"9b4822e\" data-element_type=\"widget\" data-e-type=\"widget\" data-widget_type=\"heading.default\">\n\t\t\t\t<div class=\"elementor-widget-container\">\n\t\t\t\t\t<h2 class=\"elementor-heading-title elementor-size-default\">Sat\u0131\u015f Noktalar\u0131m\u0131z<\/h2>\t\t\t\t<\/div>\n\t\t\t\t<\/div>\n\t\t\t\t<\/div>\n\t\t\t\t\t<\/div>\n\t\t\t\t<\/div>\n\t\t<div class=\"elementor-element elementor-element-3c6234f e-flex e-con-boxed e-con e-parent\" data-id=\"3c6234f\" data-element_type=\"container\" data-e-type=\"container\">\n\t\t\t\t\t<div class=\"e-con-inner\">\n\t\t<div class=\"elementor-element elementor-element-2bf525c e-con-full e-flex e-con e-child\" data-id=\"2bf525c\" data-element_type=\"container\" data-e-type=\"container\">\n\t\t<div class=\"elementor-element elementor-element-bad9d0c e-con-full e-flex e-con e-child\" data-id=\"bad9d0c\" data-element_type=\"container\" data-e-type=\"container\">\n\t\t\t\t<div class=\"elementor-element elementor-element-df9428e elementor-widget elementor-widget-text-editor\" data-id=\"df9428e\" data-element_type=\"widget\" data-e-type=\"widget\" data-widget_type=\"text-editor.default\">\n\t\t\t\t<div class=\"elementor-widget-container\">\n\t\t\t\t\t\t\t\t\t<p><span style=\"font-family: 'Calibri',sans-serif; mso-ascii-theme-font: minor-latin; mso-hansi-theme-font: minor-latin; mso-bidi-theme-font: minor-latin;\">Sarp Oyuncak olarak, 2008 y\u0131l\u0131ndan beri sekt\u00f6rde k\u00f6kl\u00fc bir ge\u00e7mi\u015fe sahibiz. 16 y\u0131ll\u0131k deneyimimizle oyuncak \u00fcretiminde \u00f6nc\u00fc konumday\u0131z. Firmam\u0131z\u0131n temel amac\u0131, \u00e7ocuklar\u0131n e\u011fitim ve geli\u015fimine katk\u0131da bulunurken ayn\u0131 zamanda e\u011flenceli ve g\u00fcvenilir \u00fcr\u00fcnler sunmakt\u0131r.<\/span><\/p><p><span style=\"font-family: 'Calibri',sans-serif; mso-ascii-theme-font: minor-latin; mso-hansi-theme-font: minor-latin; mso-bidi-theme-font: minor-latin;\">Kalite ve g\u00fcvenilirlik ilkelerimizi her zaman \u00f6n planda tutarak, \u00e7ocuklar\u0131n hayal g\u00fc\u00e7lerini ve ke\u015fif duygular\u0131n\u0131 destekleyen bir\u00e7ok oyuncak serisi \u00fcrettik. Yenilik\u00e7i tasar\u0131mlar\u0131m\u0131z ve y\u00fcksek kalitemiz sayesinde, Sarp Oyuncak olarak \u00e7ocuklar\u0131n oyun saatlerini daha keyifli ve \u00f6\u011fretici hale getiriyoruz.<\/span><\/p><p><span style=\"font-family: 'Calibri',sans-serif; mso-ascii-theme-font: minor-latin; mso-hansi-theme-font: minor-latin; mso-bidi-theme-font: minor-latin;\">\u00dcr\u00fcnlerimizin tamam\u0131, uluslararas\u0131 g\u00fcvenlik standartlar\u0131na uygun olarak \u00f6zel form\u00fcllerle \u00fcretilmi\u015f ve test edilmi\u015ftir. Bu sayede, hem \u00e7ocuklar\u0131n hem de ebeveynlerin sa\u011fl\u0131\u011f\u0131 ve g\u00fcvenli\u011fi konusunda en \u00fcst d\u00fczeyde g\u00fcvence sa\u011fl\u0131yoruz.<\/span><\/p><p><span style=\"font-family: 'Calibri',sans-serif; mso-ascii-theme-font: minor-latin; mso-hansi-theme-font: minor-latin; mso-bidi-theme-font: minor-latin;\">Sarp Oyuncak olarak, her a\u015famada m\u00fc\u015fteri memnuniyetini ve g\u00fcvenini \u00f6nemsiyoruz. \u00dcr\u00fcnlerimizde kullan\u0131lan malzemelerin se\u00e7iminden \u00fcretim s\u00fcrecine kadar titizlikle \u00e7al\u0131\u015farak, kaliteli bir al\u0131\u015fveri\u015f deneyimi sunuyoruz.<\/span><\/p><p><span style=\"font-family: 'Calibri',sans-serif; mso-ascii-theme-font: minor-latin; mso-hansi-theme-font: minor-latin; mso-bidi-theme-font: minor-latin;\">Gelece\u011fin liderleri i\u00e7in sa\u011flam temeller olu\u015fturmak ad\u0131na, s\u00fcrekli olarak yenilik\u00e7i ve e\u011fitici oyuncaklar geli\u015ftirmeye devam ediyoruz. Sarp Oyuncak olarak, ailelerin \u00e7ocuklar\u0131n\u0131n e\u011fitim yolculu\u011funda g\u00fcvenle yanlar\u0131nda olmaktan gurur duyuyoruz.<\/span><\/p>\t\t\t\t\t\t\t\t<\/div>\n\t\t\t\t<\/div>\n\t\t\t\t<\/div>\n\t\t<div class=\"elementor-element elementor-element-7958256 e-con-full e-flex e-con e-child\" data-id=\"7958256\" data-element_type=\"container\" data-e-type=\"container\" data-settings=\"{&quot;background_background&quot;:&quot;classic&quot;}\">\n\t\t\t\t<\/div>\n\t\t\t\t<\/div>\n\t\t\t\t\t<\/div>\n\t\t\t\t<\/div>\n\t\t<div class=\"elementor-element elementor-element-f5e0e01 e-con-full e-flex e-con e-parent\" data-id=\"f5e0e01\" data-element_type=\"container\" data-e-type=\"container\" data-settings=\"{&quot;background_background&quot;:&quot;classic&quot;}\">\n\t\t\t\t<div class=\"elementor-element elementor-element-e5abbea elementor-widget elementor-widget-heading\" data-id=\"e5abbea\" data-element_type=\"widget\" data-e-type=\"widget\" data-widget_type=\"heading.default\">\n\t\t\t\t<div class=\"elementor-widget-container\">\n\t\t\t\t\t<h2 class=\"elementor-heading-title elementor-size-default\">Bebe\u011finizin Renkli D\u00fcnyas\u0131<\/h2>\t\t\t\t<\/div>\n\t\t\t\t<\/div>\n\t\t\t\t<\/div>\n\t\t\t\t<\/div>\n\t\t","protected":false},"excerpt":{"rendered":"<p>Hakk\u0131m\u0131zda Sat\u0131\u015f Noktalar\u0131m\u0131z Sarp Oyuncak olarak, 2008 y\u0131l\u0131ndan beri sekt\u00f6rde k\u00f6kl\u00fc bir ge\u00e7mi\u015fe sahibiz. 16 y\u0131ll\u0131k deneyimimizle oyuncak \u00fcretiminde \u00f6nc\u00fc [&hellip;]<\/p>\n","protected":false},"author":1,"featured_media":0,"parent":0,"menu_order":0,"comment_status":"closed","ping_status":"closed","template":"","meta":{"site-sidebar-layout":"no-sidebar","site-content-layout":"","ast-site-content-layout":"full-width-container","site-content-style":"default","site-sidebar-style":"default","ast-global-header-display":"","ast-banner-title-visibility":"","ast-main-header-display":"","ast-hfb-above-header-display":"","ast-hfb-below-header-display":"","ast-hfb-mobile-header-display":"","site-post-title":"disabled","ast-breadcrumbs-content":"","ast-featured-img":"disabled","footer-sml-layout":"","ast-disable-related-posts":"","theme-transparent-header-meta":"","adv-header-id-meta":"","stick-header-meta":"","header-above-stick-meta":"","header-main-stick-meta":"","header-below-stick-meta":"","astra-migrate-meta-layouts":"default","ast-page-background-enabled":"default","ast-page-background-meta":{"desktop":{"background-color":"var(--ast-global-color-4)","background-image":"","background-repeat":"repeat","background-position":"center center","background-size":"auto","background-attachment":"scroll","background-type":"","background-media":"","overlay-type":"","overlay-color":"","overlay-opacity":"","overlay-gradient":""},"tablet":{"background-color":"","background-image":"","background-repeat":"repeat","background-position":"center center","background-size":"auto","background-attachment":"scroll","background-type":"","background-media":"","overlay-type":"","overlay-color":"","overlay-opacity":"","overlay-gradient":""},"mobile":{"background-color":"","background-image":"","background-repeat":"repeat","background-position":"center center","background-size":"auto","background-attachment":"scroll","background-type":"","background-media":"","overlay-type":"","overlay-color":"","overlay-opacity":"","overlay-gradient":""}},"ast-content-background-meta":{"desktop":{"background-color":"var(--ast-global-color-5)","background-image":"","background-repeat":"repeat","background-position":"center center","background-size":"auto","background-attachment":"scroll","background-type":"","background-media":"","overlay-type":"","overlay-color":"","overlay-opacity":"","overlay-gradient":""},"tablet":{"background-color":"var(--ast-global-color-5)","background-image":"","background-repeat":"repeat","background-position":"center center","background-size":"auto","background-attachment":"scroll","background-type":"","background-media":"","overlay-type":"","overlay-color":"","overlay-opacity":"","overlay-gradient":""},"mobile":{"background-color":"var(--ast-global-color-5)","background-image":"","background-repeat":"repeat","background-position":"center center","background-size":"auto","background-attachment":"scroll","background-type":"","background-media":"","overlay-type":"","overlay-color":"","overlay-opacity":"","overlay-gradient":""}},"footnotes":""},"class_list":["post-1330","page","type-page","status-publish","hentry"],"yoast_head":"<!-- This site is optimized with the Yoast SEO plugin v27.3 - https:\/\/yoast.com\/product\/yoast-seo-wordpress\/ -->\n<title>Kurumsal -<\/title>\n<meta name=\"robots\" content=\"index, follow, max-snippet:-1, max-image-preview:large, max-video-preview:-1\" \/>\n<link rel=\"canonical\" href=\"https:\/\/2sarp.webyelkeni.com\/tr\/kurumsal\/\" \/>\n<meta property=\"og:locale\" content=\"tr_TR\" \/>\n<meta property=\"og:type\" content=\"article\" \/>\n<meta property=\"og:title\" content=\"Kurumsal -\" \/>\n<meta property=\"og:description\" content=\"Hakk\u0131m\u0131zda Sat\u0131\u015f Noktalar\u0131m\u0131z Sarp Oyuncak olarak, 2008 y\u0131l\u0131ndan beri sekt\u00f6rde k\u00f6kl\u00fc bir ge\u00e7mi\u015fe sahibiz. 16 y\u0131ll\u0131k deneyimimizle oyuncak \u00fcretiminde \u00f6nc\u00fc [&hellip;]\" \/>\n<meta property=\"og:url\" content=\"https:\/\/2sarp.webyelkeni.com\/tr\/kurumsal\/\" \/>\n<meta property=\"article:modified_time\" content=\"2024-08-26T07:02:54+00:00\" \/>\n<meta property=\"og:image\" content=\"https:\/\/2sarp.webyelkeni.com\/wp-content\/uploads\/2024\/07\/hakkimizda-yatay-banner-degisecek.jpg\" \/>\n<meta name=\"twitter:card\" content=\"summary_large_image\" \/>\n<meta name=\"twitter:label1\" content=\"Tahmini okuma s\u00fcresi\" \/>\n\t<meta name=\"twitter:data1\" content=\"2 dakika\" \/>\n<script type=\"application\/ld+json\" class=\"yoast-schema-graph\">{\"@context\":\"https:\\\/\\\/schema.org\",\"@graph\":[{\"@type\":\"WebPage\",\"@id\":\"https:\\\/\\\/2sarp.webyelkeni.com\\\/tr\\\/kurumsal\\\/\",\"url\":\"https:\\\/\\\/2sarp.webyelkeni.com\\\/tr\\\/kurumsal\\\/\",\"name\":\"Kurumsal -\",\"isPartOf\":{\"@id\":\"https:\\\/\\\/2sarp.webyelkeni.com\\\/tr\\\/#website\"},\"primaryImageOfPage\":{\"@id\":\"https:\\\/\\\/2sarp.webyelkeni.com\\\/tr\\\/kurumsal\\\/#primaryimage\"},\"image\":{\"@id\":\"https:\\\/\\\/2sarp.webyelkeni.com\\\/tr\\\/kurumsal\\\/#primaryimage\"},\"thumbnailUrl\":\"https:\\\/\\\/2sarp.webyelkeni.com\\\/wp-content\\\/uploads\\\/2024\\\/07\\\/hakkimizda-yatay-banner-degisecek.jpg\",\"datePublished\":\"2024-07-04T09:34:33+00:00\",\"dateModified\":\"2024-08-26T07:02:54+00:00\",\"breadcrumb\":{\"@id\":\"https:\\\/\\\/2sarp.webyelkeni.com\\\/tr\\\/kurumsal\\\/#breadcrumb\"},\"inLanguage\":\"tr\",\"potentialAction\":[{\"@type\":\"ReadAction\",\"target\":[\"https:\\\/\\\/2sarp.webyelkeni.com\\\/tr\\\/kurumsal\\\/\"]}]},{\"@type\":\"ImageObject\",\"inLanguage\":\"tr\",\"@id\":\"https:\\\/\\\/2sarp.webyelkeni.com\\\/tr\\\/kurumsal\\\/#primaryimage\",\"url\":\"https:\\\/\\\/2sarp.webyelkeni.com\\\/wp-content\\\/uploads\\\/2024\\\/07\\\/hakkimizda-yatay-banner-degisecek.jpg\",\"contentUrl\":\"https:\\\/\\\/2sarp.webyelkeni.com\\\/wp-content\\\/uploads\\\/2024\\\/07\\\/hakkimizda-yatay-banner-degisecek.jpg\"},{\"@type\":\"BreadcrumbList\",\"@id\":\"https:\\\/\\\/2sarp.webyelkeni.com\\\/tr\\\/kurumsal\\\/#breadcrumb\",\"itemListElement\":[{\"@type\":\"ListItem\",\"position\":1,\"name\":\"Anasayfa\",\"item\":\"https:\\\/\\\/2sarp.webyelkeni.com\\\/\"},{\"@type\":\"ListItem\",\"position\":2,\"name\":\"Kurumsal\"}]},{\"@type\":\"WebSite\",\"@id\":\"https:\\\/\\\/2sarp.webyelkeni.com\\\/tr\\\/#website\",\"url\":\"https:\\\/\\\/2sarp.webyelkeni.com\\\/tr\\\/\",\"name\":\"Sarp Toys\",\"description\":\"\",\"publisher\":{\"@id\":\"https:\\\/\\\/2sarp.webyelkeni.com\\\/tr\\\/#organization\"},\"potentialAction\":[{\"@type\":\"SearchAction\",\"target\":{\"@type\":\"EntryPoint\",\"urlTemplate\":\"https:\\\/\\\/2sarp.webyelkeni.com\\\/tr\\\/?s={search_term_string}\"},\"query-input\":{\"@type\":\"PropertyValueSpecification\",\"valueRequired\":true,\"valueName\":\"search_term_string\"}}],\"inLanguage\":\"tr\"},{\"@type\":\"Organization\",\"@id\":\"https:\\\/\\\/2sarp.webyelkeni.com\\\/tr\\\/#organization\",\"name\":\"Sarp Toys\",\"url\":\"https:\\\/\\\/2sarp.webyelkeni.com\\\/tr\\\/\",\"logo\":{\"@type\":\"ImageObject\",\"inLanguage\":\"tr\",\"@id\":\"https:\\\/\\\/2sarp.webyelkeni.com\\\/tr\\\/#\\\/schema\\\/logo\\\/image\\\/\",\"url\":\"https:\\\/\\\/2sarp.webyelkeni.com\\\/wp-content\\\/uploads\\\/2024\\\/07\\\/cropped-Artboard-4.png\",\"contentUrl\":\"https:\\\/\\\/2sarp.webyelkeni.com\\\/wp-content\\\/uploads\\\/2024\\\/07\\\/cropped-Artboard-4.png\",\"width\":3461,\"height\":1062,\"caption\":\"Sarp Toys\"},\"image\":{\"@id\":\"https:\\\/\\\/2sarp.webyelkeni.com\\\/tr\\\/#\\\/schema\\\/logo\\\/image\\\/\"}}]}<\/script>\n<!-- \/ Yoast SEO plugin. -->","yoast_head_json":{"title":"Kurumsal -","robots":{"index":"index","follow":"follow","max-snippet":"max-snippet:-1","max-image-preview":"max-image-preview:large","max-video-preview":"max-video-preview:-1"},"canonical":"https:\/\/2sarp.webyelkeni.com\/tr\/kurumsal\/","og_locale":"tr_TR","og_type":"article","og_title":"Kurumsal -","og_description":"Hakk\u0131m\u0131zda Sat\u0131\u015f Noktalar\u0131m\u0131z Sarp Oyuncak olarak, 2008 y\u0131l\u0131ndan beri sekt\u00f6rde k\u00f6kl\u00fc bir ge\u00e7mi\u015fe sahibiz. 16 y\u0131ll\u0131k deneyimimizle oyuncak \u00fcretiminde \u00f6nc\u00fc [&hellip;]","og_url":"https:\/\/2sarp.webyelkeni.com\/tr\/kurumsal\/","article_modified_time":"2024-08-26T07:02:54+00:00","og_image":[{"url":"https:\/\/2sarp.webyelkeni.com\/wp-content\/uploads\/2024\/07\/hakkimizda-yatay-banner-degisecek.jpg","type":"","width":"","height":""}],"twitter_card":"summary_large_image","twitter_misc":{"Tahmini okuma s\u00fcresi":"2 dakika"},"schema":{"@context":"https:\/\/schema.org","@graph":[{"@type":"WebPage","@id":"https:\/\/2sarp.webyelkeni.com\/tr\/kurumsal\/","url":"https:\/\/2sarp.webyelkeni.com\/tr\/kurumsal\/","name":"Kurumsal -","isPartOf":{"@id":"https:\/\/2sarp.webyelkeni.com\/tr\/#website"},"primaryImageOfPage":{"@id":"https:\/\/2sarp.webyelkeni.com\/tr\/kurumsal\/#primaryimage"},"image":{"@id":"https:\/\/2sarp.webyelkeni.com\/tr\/kurumsal\/#primaryimage"},"thumbnailUrl":"https:\/\/2sarp.webyelkeni.com\/wp-content\/uploads\/2024\/07\/hakkimizda-yatay-banner-degisecek.jpg","datePublished":"2024-07-04T09:34:33+00:00","dateModified":"2024-08-26T07:02:54+00:00","breadcrumb":{"@id":"https:\/\/2sarp.webyelkeni.com\/tr\/kurumsal\/#breadcrumb"},"inLanguage":"tr","potentialAction":[{"@type":"ReadAction","target":["https:\/\/2sarp.webyelkeni.com\/tr\/kurumsal\/"]}]},{"@type":"ImageObject","inLanguage":"tr","@id":"https:\/\/2sarp.webyelkeni.com\/tr\/kurumsal\/#primaryimage","url":"https:\/\/2sarp.webyelkeni.com\/wp-content\/uploads\/2024\/07\/hakkimizda-yatay-banner-degisecek.jpg","contentUrl":"https:\/\/2sarp.webyelkeni.com\/wp-content\/uploads\/2024\/07\/hakkimizda-yatay-banner-degisecek.jpg"},{"@type":"BreadcrumbList","@id":"https:\/\/2sarp.webyelkeni.com\/tr\/kurumsal\/#breadcrumb","itemListElement":[{"@type":"ListItem","position":1,"name":"Anasayfa","item":"https:\/\/2sarp.webyelkeni.com\/"},{"@type":"ListItem","position":2,"name":"Kurumsal"}]},{"@type":"WebSite","@id":"https:\/\/2sarp.webyelkeni.com\/tr\/#website","url":"https:\/\/2sarp.webyelkeni.com\/tr\/","name":"Sarp Toys","description":"","publisher":{"@id":"https:\/\/2sarp.webyelkeni.com\/tr\/#organization"},"potentialAction":[{"@type":"SearchAction","target":{"@type":"EntryPoint","urlTemplate":"https:\/\/2sarp.webyelkeni.com\/tr\/?s={search_term_string}"},"query-input":{"@type":"PropertyValueSpecification","valueRequired":true,"valueName":"search_term_string"}}],"inLanguage":"tr"},{"@type":"Organization","@id":"https:\/\/2sarp.webyelkeni.com\/tr\/#organization","name":"Sarp Toys","url":"https:\/\/2sarp.webyelkeni.com\/tr\/","logo":{"@type":"ImageObject","inLanguage":"tr","@id":"https:\/\/2sarp.webyelkeni.com\/tr\/#\/schema\/logo\/image\/","url":"https:\/\/2sarp.webyelkeni.com\/wp-content\/uploads\/2024\/07\/cropped-Artboard-4.png","contentUrl":"https:\/\/2sarp.webyelkeni.com\/wp-content\/uploads\/2024\/07\/cropped-Artboard-4.png","width":3461,"height":1062,"caption":"Sarp Toys"},"image":{"@id":"https:\/\/2sarp.webyelkeni.com\/tr\/#\/schema\/logo\/image\/"}}]}},"_links":{"self":[{"href":"https:\/\/2sarp.webyelkeni.com\/tr\/wp-json\/wp\/v2\/pages\/1330","targetHints":{"allow":["GET"]}}],"collection":[{"href":"https:\/\/2sarp.webyelkeni.com\/tr\/wp-json\/wp\/v2\/pages"}],"about":[{"href":"https:\/\/2sarp.webyelkeni.com\/tr\/wp-json\/wp\/v2\/types\/page"}],"author":[{"embeddable":true,"href":"https:\/\/2sarp.webyelkeni.com\/tr\/wp-json\/wp\/v2\/users\/1"}],"replies":[{"embeddable":true,"href":"https:\/\/2sarp.webyelkeni.com\/tr\/wp-json\/wp\/v2\/comments?post=1330"}],"version-history":[{"count":0,"href":"https:\/\/2sarp.webyelkeni.com\/tr\/wp-json\/wp\/v2\/pages\/1330\/revisions"}],"wp:attachment":[{"href":"https:\/\/2sarp.webyelkeni.com\/tr\/wp-json\/wp\/v2\/media?parent=1330"}],"curies":[{"name":"wp","href":"https:\/\/api.w.org\/{rel}","templated":true}]}}